{"id":392,"date":"2024-07-12T15:52:22","date_gmt":"2024-07-12T15:52:22","guid":{"rendered":"https:\/\/oraontinyent.com\/noticias\/"},"modified":"2024-07-15T12:40:32","modified_gmt":"2024-07-15T12:40:32","slug":"noticias","status":"publish","type":"page","link":"https:\/\/oraontinyent.com\/val\/noticias\/","title":{"rendered":"Not\u00edcies"},"content":{"rendered":"\n<section class=\"tpk-hero tpk-hero--products                lower\"\n         style=\"\">\n                        <picture >\n\n                    <source srcset=\"https:\/\/oraontinyent.com\/wp-content\/uploads\/sites\/33\/2024\/07\/La_Vila_dOntinyent-480x640.jpg\" media=\"((min-width: 0rem) and (max-width: 30rem))\">\n                             <source srcset=\"https:\/\/oraontinyent.com\/wp-content\/uploads\/sites\/33\/2024\/07\/La_Vila_dOntinyent-1024x500.jpg\" media=\"(min-width: 30rem) and (max-width: 64rem)\" >\n                            <source srcset=\"https:\/\/oraontinyent.com\/wp-content\/uploads\/sites\/33\/2024\/07\/La_Vila_dOntinyent-1600x640.jpg\" media=\"(min-width: 64rem)\" >\n        \n        \n                                                                                                        \n        <img src=\"https:\/\/oraontinyent.com\/wp-content\/uploads\/sites\/33\/2024\/07\/La_Vila_dOntinyent-1600x640.jpg\" alt=\"\"  width=\"1600\" height=\"640\"  loading=\"eager\">\n    <\/picture>\n\n    \n        <div class=\"tpk-hero__content wrapper row\">\n                    <div class=\"col-xs-12 col-sm-12 pr-h pl-h\">\n                                <header class=\"tpk-head  wrapper\">\n        <h1 class=\"tpk-head__title\">Not\u00edcies<\/h1>    <\/header>\n            \n                    <\/div>\n    <\/div>\n            <div class=\"tpk-hero__cards row wrapper\">\n                                                                                        <div class=\"col-xs-12 col-sm-12 col-md-4 mb-1 pl-h pr-h\">\n                                                                    <\/div>\n                    <\/div>\n    <\/section>\n<div class=\"tpk-spinner__wrapper\">\n    <div class=\"tpk-spinner\"><\/div>\n<\/div>\n\n\n<div class=\"wp-container-11 wp-block-query\"><ul class=\"wp-container-10 wp-block-post-template\"><li class=\"wp-block-post post-373 post type-post status-publish format-standard has-post-thumbnail hentry category-uncategorized-val\">\n\n<div class=\"wp-container-3 wp-block-columns\">\n<div class=\"wp-container-1 wp-block-column\"><figure class=\"alignwide wp-block-post-featured-image\"><a href=\"https:\/\/oraontinyent.com\/val\/2024\/05\/16\/ontinyent-ampliara-laposta-per-la-mobilitat-sostenible-amb-un-quart-autobus-urba-i-una-tercera-linia-de-transport-public-gratuit\/\"><img width=\"730\" height=\"320\" src=\"https:\/\/oraontinyent.com\/wp-content\/uploads\/sites\/33\/2024\/07\/65e70014392f8_noticia-1-ontinyent-va.jpg\" class=\"attachment-post-thumbnail size-post-thumbnail wp-post-image\" alt=\"Ontinyent ampliar\u00e0 l&#039;aposta per la mobilitat sostenible amb un quart autob\u00fas urb\u00e0 i una tercera l\u00ednia de transport p\u00fablic gratu\u00eft\" loading=\"lazy\" \/><\/a><\/figure><\/div>\n\n\n\n<div class=\"wp-container-2 wp-block-column\"><h3 class=\"wp-block-post-title\"><a href=\"https:\/\/oraontinyent.com\/val\/2024\/05\/16\/ontinyent-ampliara-laposta-per-la-mobilitat-sostenible-amb-un-quart-autobus-urba-i-una-tercera-linia-de-transport-public-gratuit\/\" target=\"_self\" rel=\"\">Ontinyent ampliar\u00e0 l'aposta per la mobilitat sostenible amb un quart autob\u00fas urb\u00e0 i una tercera l\u00ednia de transport p\u00fablic gratu\u00eft<\/a><\/h3>\n\n<div class=\"wp-block-post-date\"><time datetime=\"2024-05-16T21:15:00+00:00\">May 16, 2024<\/time><\/div>\n\n<div class=\"wp-block-post-excerpt\"><p class=\"wp-block-post-excerpt__excerpt\">Jorge Rodr\u00edguez visita l'activitat d'educaci\u00f3 vi\u00e0ria que l'Ajuntament impartix amb la col\u00b7laboraci\u00f3 de l'empresa Lurbel i l'Ajuntament d'Elx. Ontinyent ampliar\u00e0 l'aposta per la mobilitat sostenible amb un quart autob\u00fas urb\u00e0 i una tercera l\u00ednia de transport p\u00fablic gratu\u00eft. L'alcalde d'Ontinyent, Jorge Rodr\u00edguez, confirmava als mitjans de comunicaci\u00f3 que en 2023 tindr\u00e0 lloc el proc\u00e9s de [&hellip;] <\/p><\/div><\/div>\n<\/div>\n\n\n\n<hr class=\"wp-block-separator has-css-opacity\"\/>\n\n<\/li><li class=\"wp-block-post post-371 post type-post status-publish format-standard has-post-thumbnail hentry category-uncategorized-val\">\n\n<div class=\"wp-container-6 wp-block-columns\">\n<div class=\"wp-container-4 wp-block-column\"><figure class=\"alignwide wp-block-post-featured-image\"><a href=\"https:\/\/oraontinyent.com\/val\/2023\/09\/02\/millorar-la-mobilitat-urbana-sostenible-anell-ciclopedestre-remodelacio-carrer-sant-antoni\/\"><img width=\"730\" height=\"320\" src=\"https:\/\/oraontinyent.com\/wp-content\/uploads\/sites\/33\/2024\/07\/65e701270fca6_noticia-2-ontinyent-va.jpg\" class=\"attachment-post-thumbnail size-post-thumbnail wp-post-image\" alt=\"Millorar la Mobilitat Urbana Sostenible. Anell Ciclopedestre Remodelaci\u00f3 Carrer Sant Antoni.\" loading=\"lazy\" \/><\/a><\/figure><\/div>\n\n\n\n<div class=\"wp-container-5 wp-block-column\"><h3 class=\"wp-block-post-title\"><a href=\"https:\/\/oraontinyent.com\/val\/2023\/09\/02\/millorar-la-mobilitat-urbana-sostenible-anell-ciclopedestre-remodelacio-carrer-sant-antoni\/\" target=\"_self\" rel=\"\">Millorar la Mobilitat Urbana Sostenible. Anell Ciclopedestre Remodelaci\u00f3 Carrer Sant Antoni.<\/a><\/h3>\n\n<div class=\"wp-block-post-date\"><time datetime=\"2023-09-02T09:15:00+00:00\">September 2, 2023<\/time><\/div>\n\n<div class=\"wp-block-post-excerpt\"><p class=\"wp-block-post-excerpt__excerpt\">En el que va d'any en este servici municipal s'han tramitat m\u00e9s de 34.000 escrits L'Ajuntament d'Ontinyent no ha parat de posar en marxa tot tipus de ferramentes i servicis amb els quals es perseguix facilitar i donar major rapidesa a la realitzaci\u00f3 de tr\u00e0mits. Ara s'ha fet un pas m\u00e9s, perqu\u00e8 l'alcaldessa de la [&hellip;] <\/p><\/div><\/div>\n<\/div>\n\n\n\n<hr class=\"wp-block-separator has-css-opacity\"\/>\n\n<\/li><li class=\"wp-block-post post-362 post type-post status-publish format-standard has-post-thumbnail hentry category-uncategorized-val\">\n\n<div class=\"wp-container-9 wp-block-columns\">\n<div class=\"wp-container-7 wp-block-column\"><figure class=\"alignwide wp-block-post-featured-image\"><a href=\"https:\/\/oraontinyent.com\/val\/2023\/06\/14\/ontinyent-renovara-las-57-bicicletas-de-ontibici-y-mejorara-el-sistema-para-facilitar-el-uso-del-servicio\/\"><img width=\"730\" height=\"320\" src=\"https:\/\/oraontinyent.com\/wp-content\/uploads\/sites\/33\/2024\/07\/65e701e822d2d_noticia-3-ontinyent-va.jpg\" class=\"attachment-post-thumbnail size-post-thumbnail wp-post-image\" alt=\"Ontinyent renovar\u00e0 les 57 bicicletes de &quot;Ontibici&quot; i millorar\u00e0 el sistema per a facilitar l&#039;\u00fas del servici\" loading=\"lazy\" \/><\/a><\/figure><\/div>\n\n\n\n<div class=\"wp-container-8 wp-block-column\"><h3 class=\"wp-block-post-title\"><a href=\"https:\/\/oraontinyent.com\/val\/2023\/06\/14\/ontinyent-renovara-las-57-bicicletas-de-ontibici-y-mejorara-el-sistema-para-facilitar-el-uso-del-servicio\/\" target=\"_self\" rel=\"\">Ontinyent renovar\u00e0 les 57 bicicletes de \"Ontibici\" i millorar\u00e0 el sistema per a facilitar l'\u00fas del servici<\/a><\/h3>\n\n<div class=\"wp-block-post-date\"><time datetime=\"2023-06-14T16:15:00+00:00\">June 14, 2023<\/time><\/div>\n\n<div class=\"wp-block-post-excerpt\"><p class=\"wp-block-post-excerpt__excerpt\">El Ayuntamiento de Ontinyent ha acordado con la empresa adjudicataria de \"Ontibici\", el servicio p\u00fablico municipal de pr\u00e9stamo de bicicletas el\u00e9ctricas, la renovaci\u00f3n de las 57 bicicletas ofertadas a los usuarios, as\u00ed como la mejora del sistema para facilitar la gesti\u00f3n y uso del servicio. L'Ajuntament d'Ontinyent ha acordat amb l'empresa adjudicat\u00e0ria de \"Ontibici\", el [&hellip;] <\/p><\/div><\/div>\n<\/div>\n\n\n\n<hr class=\"wp-block-separator has-css-opacity\"\/>\n\n<\/li><\/ul><\/div>\n","protected":false},"excerpt":{"rendered":"","protected":false},"author":8,"featured_media":0,"parent":0,"menu_order":0,"comment_status":"closed","ping_status":"closed","template":"","meta":[],"yoast_head":"<!-- This site is optimized with the Yoast SEO plugin v20.12 - https:\/\/yoast.com\/wordpress\/plugins\/seo\/ -->\n<title>Not\u00edcies - Ontinyent<\/title>\n<meta name=\"robots\" content=\"index, follow, max-snippet:-1, max-image-preview:large, max-video-preview:-1\" \/>\n<link rel=\"canonical\" href=\"https:\/\/oraontinyent.com\/val\/noticias\/\" \/>\n<meta property=\"og:locale\" content=\"en_US\" \/>\n<meta property=\"og:type\" content=\"article\" \/>\n<meta property=\"og:title\" content=\"Not\u00edcies - Ontinyent\" \/>\n<meta property=\"og:url\" content=\"https:\/\/oraontinyent.com\/val\/noticias\/\" \/>\n<meta property=\"og:site_name\" content=\"Ontinyent\" \/>\n<meta property=\"article:modified_time\" content=\"2024-07-15T12:40:32+00:00\" \/>\n<meta name=\"twitter:card\" content=\"summary_large_image\" \/>\n<script type=\"application\/ld+json\" class=\"yoast-schema-graph\">{\"@context\":\"https:\/\/schema.org\",\"@graph\":[{\"@type\":\"WebPage\",\"@id\":\"https:\/\/oraontinyent.com\/val\/noticias\/\",\"url\":\"https:\/\/oraontinyent.com\/val\/noticias\/\",\"name\":\"Not\u00edcies - Ontinyent\",\"isPartOf\":{\"@id\":\"https:\/\/oraontinyent.com\/val\/#website\"},\"datePublished\":\"2024-07-12T15:52:22+00:00\",\"dateModified\":\"2024-07-15T12:40:32+00:00\",\"breadcrumb\":{\"@id\":\"https:\/\/oraontinyent.com\/val\/noticias\/#breadcrumb\"},\"inLanguage\":\"ca-VAL\",\"potentialAction\":[{\"@type\":\"ReadAction\",\"target\":[\"https:\/\/oraontinyent.com\/val\/noticias\/\"]}]},{\"@type\":\"BreadcrumbList\",\"@id\":\"https:\/\/oraontinyent.com\/val\/noticias\/#breadcrumb\",\"itemListElement\":[{\"@type\":\"ListItem\",\"position\":1,\"name\":\"Home\",\"item\":\"https:\/\/oraontinyent.com\/val\/\"},{\"@type\":\"ListItem\",\"position\":2,\"name\":\"Not\u00edcies\"}]},{\"@type\":\"WebSite\",\"@id\":\"https:\/\/oraontinyent.com\/val\/#website\",\"url\":\"https:\/\/oraontinyent.com\/val\/\",\"name\":\"Ontinyent\",\"description\":\"\",\"publisher\":{\"@id\":\"https:\/\/oraontinyent.com\/val\/#organization\"},\"potentialAction\":[{\"@type\":\"SearchAction\",\"target\":{\"@type\":\"EntryPoint\",\"urlTemplate\":\"https:\/\/oraontinyent.com\/val\/?s={search_term_string}\"},\"query-input\":\"required name=search_term_string\"}],\"inLanguage\":\"ca-VAL\"},{\"@type\":\"Organization\",\"@id\":\"https:\/\/oraontinyent.com\/val\/#organization\",\"name\":\"Ontinyent\",\"url\":\"https:\/\/oraontinyent.com\/val\/\",\"logo\":{\"@type\":\"ImageObject\",\"inLanguage\":\"ca-VAL\",\"@id\":\"https:\/\/oraontinyent.com\/val\/#\/schema\/logo\/image\/\",\"url\":\"https:\/\/oraontinyent.com\/wp-content\/uploads\/sites\/33\/2024\/07\/Logo_Ontinyent-2.png\",\"contentUrl\":\"https:\/\/oraontinyent.com\/wp-content\/uploads\/sites\/33\/2024\/07\/Logo_Ontinyent-2.png\",\"width\":220,\"height\":120,\"caption\":\"Ontinyent\"},\"image\":{\"@id\":\"https:\/\/oraontinyent.com\/val\/#\/schema\/logo\/image\/\"}}]}<\/script>\n<!-- \/ Yoast SEO plugin. -->","yoast_head_json":{"title":"Not\u00edcies - Ontinyent","robots":{"index":"index","follow":"follow","max-snippet":"max-snippet:-1","max-image-preview":"max-image-preview:large","max-video-preview":"max-video-preview:-1"},"canonical":"https:\/\/oraontinyent.com\/val\/noticias\/","og_locale":"en_US","og_type":"article","og_title":"Not\u00edcies - Ontinyent","og_url":"https:\/\/oraontinyent.com\/val\/noticias\/","og_site_name":"Ontinyent","article_modified_time":"2024-07-15T12:40:32+00:00","twitter_card":"summary_large_image","schema":{"@context":"https:\/\/schema.org","@graph":[{"@type":"WebPage","@id":"https:\/\/oraontinyent.com\/val\/noticias\/","url":"https:\/\/oraontinyent.com\/val\/noticias\/","name":"Not\u00edcies - Ontinyent","isPartOf":{"@id":"https:\/\/oraontinyent.com\/val\/#website"},"datePublished":"2024-07-12T15:52:22+00:00","dateModified":"2024-07-15T12:40:32+00:00","breadcrumb":{"@id":"https:\/\/oraontinyent.com\/val\/noticias\/#breadcrumb"},"inLanguage":"ca-VAL","potentialAction":[{"@type":"ReadAction","target":["https:\/\/oraontinyent.com\/val\/noticias\/"]}]},{"@type":"BreadcrumbList","@id":"https:\/\/oraontinyent.com\/val\/noticias\/#breadcrumb","itemListElement":[{"@type":"ListItem","position":1,"name":"Home","item":"https:\/\/oraontinyent.com\/val\/"},{"@type":"ListItem","position":2,"name":"Not\u00edcies"}]},{"@type":"WebSite","@id":"https:\/\/oraontinyent.com\/val\/#website","url":"https:\/\/oraontinyent.com\/val\/","name":"Ontinyent","description":"","publisher":{"@id":"https:\/\/oraontinyent.com\/val\/#organization"},"potentialAction":[{"@type":"SearchAction","target":{"@type":"EntryPoint","urlTemplate":"https:\/\/oraontinyent.com\/val\/?s={search_term_string}"},"query-input":"required name=search_term_string"}],"inLanguage":"ca-VAL"},{"@type":"Organization","@id":"https:\/\/oraontinyent.com\/val\/#organization","name":"Ontinyent","url":"https:\/\/oraontinyent.com\/val\/","logo":{"@type":"ImageObject","inLanguage":"ca-VAL","@id":"https:\/\/oraontinyent.com\/val\/#\/schema\/logo\/image\/","url":"https:\/\/oraontinyent.com\/wp-content\/uploads\/sites\/33\/2024\/07\/Logo_Ontinyent-2.png","contentUrl":"https:\/\/oraontinyent.com\/wp-content\/uploads\/sites\/33\/2024\/07\/Logo_Ontinyent-2.png","width":220,"height":120,"caption":"Ontinyent"},"image":{"@id":"https:\/\/oraontinyent.com\/val\/#\/schema\/logo\/image\/"}}]}},"meta_box":[],"_links":{"self":[{"href":"https:\/\/oraontinyent.com\/val\/wp-json\/wp\/v2\/pages\/392"}],"collection":[{"href":"https:\/\/oraontinyent.com\/val\/wp-json\/wp\/v2\/pages"}],"about":[{"href":"https:\/\/oraontinyent.com\/val\/wp-json\/wp\/v2\/types\/page"}],"author":[{"embeddable":true,"href":"https:\/\/oraontinyent.com\/val\/wp-json\/wp\/v2\/users\/8"}],"replies":[{"embeddable":true,"href":"https:\/\/oraontinyent.com\/val\/wp-json\/wp\/v2\/comments?post=392"}],"version-history":[{"count":3,"href":"https:\/\/oraontinyent.com\/val\/wp-json\/wp\/v2\/pages\/392\/revisions"}],"predecessor-version":[{"id":421,"href":"https:\/\/oraontinyent.com\/val\/wp-json\/wp\/v2\/pages\/392\/revisions\/421"}],"wp:attachment":[{"href":"https:\/\/oraontinyent.com\/val\/wp-json\/wp\/v2\/media?parent=392"}],"curies":[{"name":"wp","href":"https:\/\/api.w.org\/{rel}","templated":true}]}}