{"id":243,"date":"2024-07-02T08:26:17","date_gmt":"2024-07-02T08:26:17","guid":{"rendered":"https:\/\/oraontinyent.com\/telpark\/"},"modified":"2024-07-12T14:52:46","modified_gmt":"2024-07-12T14:52:46","slug":"telpark","status":"publish","type":"page","link":"https:\/\/oraontinyent.com\/val\/telpark\/","title":{"rendered":"Telpark"},"content":{"rendered":"\n<section class=\"tpk-hero tpk-hero--products                lower\"\n         style=\"\">\n                        <picture >\n\n                    <source srcset=\"https:\/\/oraontinyent.com\/wp-content\/uploads\/sites\/33\/2024\/07\/Telpark-Santander-Banner-480x300.webp\" media=\"((min-width: 0rem) and (max-width: 30rem))\">\n                             <source srcset=\"https:\/\/oraontinyent.com\/wp-content\/uploads\/sites\/33\/2024\/07\/Telpark-Santander-Banner-1024x300.webp\" media=\"(min-width: 30rem) and (max-width: 64rem)\" >\n                            <source srcset=\"https:\/\/oraontinyent.com\/wp-content\/uploads\/sites\/33\/2024\/07\/Telpark-Santander-Banner.webp\" media=\"(min-width: 64rem)\" >\n        \n        \n                                                                                                        \n        <img src=\"https:\/\/oraontinyent.com\/wp-content\/uploads\/sites\/33\/2024\/07\/Telpark-Santander-Banner.webp\" alt=\"\"  width=\"1140\" height=\"300\"  loading=\"eager\">\n    <\/picture>\n\n    \n        <div class=\"tpk-hero__content wrapper row\">\n                    <div class=\"col-xs-12 col-sm-12 pr-h pl-h\">\n                                <header class=\"tpk-head  wrapper\">\n            <\/header>\n            \n                    <\/div>\n    <\/div>\n            <div class=\"tpk-hero__cards row wrapper\">\n                                                                                        <div class=\"col-xs-12 col-sm-12 col-md-4 mb-1 pl-h pr-h\">\n                                                                    <\/div>\n                    <\/div>\n    <\/section>\n<div class=\"tpk-spinner__wrapper\">\n    <div class=\"tpk-spinner\"><\/div>\n<\/div>\n\n<article class=\"tpk-page\">\n    <div class=\"row wrapper center-xs tpk-page__content\">\n        <div class=\"col-xs-12 col-sm-10 col-md-8 pt-4 pb-4\">\n            <h1>Telpark, paga amb el teu m\u00f2bil l'Estacionament Regulat<\/h1>\n<blockquote>\n<p>Telpark \u00e9s una aplicaci\u00f3 que fa el teu dia m\u00e9s f\u00e0cil. Gestiona i prolonga l'estacionament des de qualsevol dispositiu i en qualsevol lloc. L'app \u00e9s f\u00e0cil d'usar, c\u00f2moda per al teu dia a dia i segura en el pagament.<\/p>\n<\/blockquote>\n<p><img loading=\"lazy\" class=\"alignnone size-full wp-image-394\" src=\"http:\/\/ola-santander.com\/wp-content\/uploads\/sites\/7\/2023\/05\/pastilla_ventajas-Telpark-.png\" alt=\"\" width=\"800\" height=\"295\" \/><\/p>\n<p>&nbsp;<\/p>\n<blockquote>\n<p class=\"p1\"><b>Donar-se d\u2019alta<\/b><\/p>\n<ol>\n<li class=\"p3\">Descarrega\u2019t l\u2019aplicaci\u00f3 en <a href=\"http:\/\/https\/play.google.com\/store\/apps\/details?utm_medium=website&amp;utm_source=homepage-android-es&amp;id=com.delaware.empark&amp;hl=es\">Google Play<\/a>, <a href=\"http:\/\/https\/itunes.apple.com\/app\/apple-store\/id658204860?mt=8\">App Store,<\/a> o accedeix a trav\u00e9s de la <a href=\"http:\/\/https\/app.telpark.com\/es\/signup\">web<\/a><\/li>\n<li class=\"p3\">Registra\u2019t creant un usuari (email) i una contrasenya.<\/li>\n<li class=\"p3\">Ompli les teues dades personals, tria un m\u00e8tode de pagament i introdueix les matr\u00edcules que necessites.<\/li>\n<li class=\"p3\">Una vegada creada el compte, ja \u00e9s possible usar l\u2019app per al pagament per m\u00f2bil.<\/li>\n<li class=\"p3\">M\u00e9s informaci\u00f3 sobre el funcionament ac\u00ed: <a href=\"https:\/\/www.telpark.com\/como-funciona\/\">https:\/\/www.telpark.com\/como-funciona\/<\/a><\/li>\n<\/ol>\n<\/blockquote>\n<h2>Com utilitzar-lo quan vages a estacionar el vehicle<\/h2>\n<ol>\n<li>\n<p class=\"p1\"><span class=\"s1\">Triar l\u2019opci\u00f3 <\/span><b>\u201cParqu\u00edmetre\u201d &gt; \u201cRealitzar pagament\u201d<\/b> de l\u2019app, o des de la web, seleccionant la matr\u00edcula, la localitat, el tipus de zona regulada i l\u2019import pel temps d\u2019estacionament.<\/p>\n<\/li>\n<li>\n<p class=\"p1\">Inserir el codi de confirmaci\u00f3 triat en el moment de donar-se d\u2019alta. Aquesta opci\u00f3 has d\u2019activar-la en \u201c<span class=\"s2\"><b>M\u00e9s opcions\u201d &gt; \u201cConfiguraci\u00f3\u201d &gt; \u201cSol\u00b7licitar contrasenya abans de realitzar el pagament\u201d<\/b>.<\/span><\/p>\n<\/li>\n<li>\n<p class=\"p1\"><span class=\"s1\">En qualsevol moment, podr\u00e0s <\/span><b>\u201cAmpliar\u201d<\/b> o <b>\u201cFinalitzar\u201d<\/b> el temps d\u2019aparcament sense consumir tot l\u2019import seleccionat. Paga pel temps exacte d\u2019estacionament. En aquest cas, es detindr\u00e0 el temps pagat i es cobrar\u00e0 nom\u00e9s pel temps utilitzat, o el m\u00ednim establit si el temps de l\u2019estacionament real ha sigut inferior a l\u2019import m\u00ednim. Una vegada acceptada l\u2019operaci\u00f3, el servei d\u2019estacionament quedar\u00e0 registrat en el compte de l\u2019usuari per poder consultar-lo en qualsevol moment. Finalitzat l\u2019estacionament es carregar\u00e0 l\u2019import en la targeta associada.<\/p>\n<\/li>\n<\/ol>\n<p><img loading=\"lazy\" class=\"wp-image-395 aligncenter\" src=\"http:\/\/ola-santander.com\/wp-content\/uploads\/sites\/7\/2023\/05\/Mockup_parquimetro.jpg\" alt=\"\" width=\"525\" height=\"403\" \/><\/p>\n<h2>Com anul\u00b7lar una den\u00fancia<\/h2>\n<blockquote>\n<p><img loading=\"lazy\" class=\"alignnone size-full wp-image-396\" src=\"http:\/\/ola-santander.com\/wp-content\/uploads\/sites\/7\/2023\/05\/como-anular-una-denuncia.png\" alt=\"\" width=\"949\" height=\"489\" \/><\/p>\n<\/blockquote>\n\n        <\/div>\n    <\/div>\n<\/article>\n\n\n<section\n        class=\"tpk-banner-cta tpk-banner-cta--background   \"\n        style=\"\">\n    <div class=\"tpk-banner-cta__content row wrapper middle-xs \">\n                <div class=\"col-xs-12 col-sm-6 tpk-banner-cta__content__picture\">\n                                                        <picture >\n\n                    <source srcset=\"https:\/\/oraontinyent.com\/wp-content\/uploads\/sites\/33\/2024\/07\/Ontinyent-Tarifas-375x500.jpeg\" media=\"((min-width: 0rem) and (max-width: 30rem))\">\n                             <source srcset=\"https:\/\/oraontinyent.com\/wp-content\/uploads\/sites\/33\/2024\/07\/Ontinyent-Tarifas-520x520.jpeg\" media=\"(min-width: 30rem) and (max-width: 64rem)\" >\n                            <source srcset=\"https:\/\/oraontinyent.com\/wp-content\/uploads\/sites\/33\/2024\/07\/Ontinyent-Tarifas.jpeg\" media=\"(min-width: 64rem)\" >\n        \n        \n                                                                                                        \n        <img src=\"https:\/\/oraontinyent.com\/wp-content\/uploads\/sites\/33\/2024\/07\/Ontinyent-Tarifas.jpeg\" alt=\"\"  width=\"623\" height=\"800\"  loading=\"lazy\" >\n    <\/picture>\n\n        <\/div>\n        <div class=\"col-xs-12 col-sm-6 tpk-banner-cta__content__text  align-left \">\n                                                        <header class=\"tpk-head  wrapper\">\n    <p class=\"tpk-head__caption\">Consulta<\/p>    <h2 class=\"tpk-head__title\">Horaris i tarifes<\/h2>    <ul>\n<li>Dilluns a divendres de 9:00 a 13:30 i de 16:30 a 20:00.<\/li>\n<li>Dissabtes de 9:00 a 13:30<\/li>\n<li>Diumenges i festes nacionals, auton\u00f2miques i locals seran lliures de pagament<\/li>\n<\/ul>\n<p><!-- notionvc: b3f02821-d06a-44bb-b72e-e5780ff2617c --><\/p>\n<\/header>                                    <div class=\"tpk-banner-cta__buttons\">\n                                                                                <a  class=\"tpk-button tpk-button--primary tpk-button--lg \" href=\"https:\/\/oraontinyent.com\/val\/horarios-y-tarifas\/\"    >\n    <span>Veure tarifes<\/span>\n    <\/a>                                            <\/div>\n                            <\/div>\n        <\/div>\n<\/section>\n\n\n<section class=\"tpk-banner-app \">\n    <div class=\"row wrapper middle-xs\">\n        <div class=\"col-xs-12 col-sm-6 col-no-gutter tpk-banner-app__picture\">\n                                                <picture class=\"hide-xs show-sm\">\n\n                             <source srcset=\"https:\/\/oraontinyent.com\/wp-content\/uploads\/sites\/33\/2024\/07\/Web-bloque-ORA-488x534.webp\" media=\"(min-width: 30rem) and (max-width: 64rem)\" >\n                            <source srcset=\"https:\/\/oraontinyent.com\/wp-content\/uploads\/sites\/33\/2024\/07\/Web-bloque-ORA.webp\" media=\"(min-width: 64rem)\" >\n        \n        \n                                                                                                        \n        <img src=\"https:\/\/oraontinyent.com\/wp-content\/uploads\/sites\/33\/2024\/07\/Web-bloque-ORA.webp\" alt=\"\"  width=\"600\" height=\"600\"  loading=\"lazy\" >\n    <\/picture>\n\n                                <\/div>\n        <div class=\"col-xs-12 col-sm-6 tpk-banner-app__content\">\n                        <header class=\"tpk-head  wrapper\">\n    <p class=\"tpk-head__caption\">Aparca i seguix<\/p>    <h2 class=\"tpk-head__title\">Escaneja el codi amb el teu m\u00f2bil per a descarregar l'app<\/h2>    <\/header>\n                        <div class=\"tpk-banner-app__buttons\">\n                            <\/div>\n        <\/div>\n    <\/div>\n<\/section>\n","protected":false},"excerpt":{"rendered":"","protected":false},"author":8,"featured_media":0,"parent":0,"menu_order":0,"comment_status":"closed","ping_status":"closed","template":"","meta":[],"yoast_head":"<!-- This site is optimized with the Yoast SEO plugin v20.12 - https:\/\/yoast.com\/wordpress\/plugins\/seo\/ -->\n<title>Telpark - Ontinyent<\/title>\n<meta name=\"robots\" content=\"index, follow, max-snippet:-1, max-image-preview:large, max-video-preview:-1\" \/>\n<link rel=\"canonical\" href=\"https:\/\/oraontinyent.com\/val\/telpark\/\" \/>\n<meta property=\"og:locale\" content=\"en_US\" \/>\n<meta property=\"og:type\" content=\"article\" \/>\n<meta property=\"og:title\" content=\"Telpark - Ontinyent\" \/>\n<meta property=\"og:url\" content=\"https:\/\/oraontinyent.com\/val\/telpark\/\" \/>\n<meta property=\"og:site_name\" content=\"Ontinyent\" \/>\n<meta property=\"article:modified_time\" content=\"2024-07-12T14:52:46+00:00\" \/>\n<meta name=\"twitter:card\" content=\"summary_large_image\" \/>\n<script type=\"application\/ld+json\" class=\"yoast-schema-graph\">{\"@context\":\"https:\/\/schema.org\",\"@graph\":[{\"@type\":\"WebPage\",\"@id\":\"https:\/\/oraontinyent.com\/val\/telpark\/\",\"url\":\"https:\/\/oraontinyent.com\/val\/telpark\/\",\"name\":\"Telpark - Ontinyent\",\"isPartOf\":{\"@id\":\"https:\/\/oraontinyent.com\/val\/#website\"},\"datePublished\":\"2024-07-02T08:26:17+00:00\",\"dateModified\":\"2024-07-12T14:52:46+00:00\",\"breadcrumb\":{\"@id\":\"https:\/\/oraontinyent.com\/val\/telpark\/#breadcrumb\"},\"inLanguage\":\"ca-VAL\",\"potentialAction\":[{\"@type\":\"ReadAction\",\"target\":[\"https:\/\/oraontinyent.com\/val\/telpark\/\"]}]},{\"@type\":\"BreadcrumbList\",\"@id\":\"https:\/\/oraontinyent.com\/val\/telpark\/#breadcrumb\",\"itemListElement\":[{\"@type\":\"ListItem\",\"position\":1,\"name\":\"Home\",\"item\":\"https:\/\/oraontinyent.com\/val\/\"},{\"@type\":\"ListItem\",\"position\":2,\"name\":\"Telpark\"}]},{\"@type\":\"WebSite\",\"@id\":\"https:\/\/oraontinyent.com\/val\/#website\",\"url\":\"https:\/\/oraontinyent.com\/val\/\",\"name\":\"Ontinyent\",\"description\":\"\",\"publisher\":{\"@id\":\"https:\/\/oraontinyent.com\/val\/#organization\"},\"potentialAction\":[{\"@type\":\"SearchAction\",\"target\":{\"@type\":\"EntryPoint\",\"urlTemplate\":\"https:\/\/oraontinyent.com\/val\/?s={search_term_string}\"},\"query-input\":\"required name=search_term_string\"}],\"inLanguage\":\"ca-VAL\"},{\"@type\":\"Organization\",\"@id\":\"https:\/\/oraontinyent.com\/val\/#organization\",\"name\":\"Ontinyent\",\"url\":\"https:\/\/oraontinyent.com\/val\/\",\"logo\":{\"@type\":\"ImageObject\",\"inLanguage\":\"ca-VAL\",\"@id\":\"https:\/\/oraontinyent.com\/val\/#\/schema\/logo\/image\/\",\"url\":\"https:\/\/oraontinyent.com\/wp-content\/uploads\/sites\/33\/2024\/07\/Logo_Ontinyent-2.png\",\"contentUrl\":\"https:\/\/oraontinyent.com\/wp-content\/uploads\/sites\/33\/2024\/07\/Logo_Ontinyent-2.png\",\"width\":220,\"height\":120,\"caption\":\"Ontinyent\"},\"image\":{\"@id\":\"https:\/\/oraontinyent.com\/val\/#\/schema\/logo\/image\/\"}}]}<\/script>\n<!-- \/ Yoast SEO plugin. -->","yoast_head_json":{"title":"Telpark - Ontinyent","robots":{"index":"index","follow":"follow","max-snippet":"max-snippet:-1","max-image-preview":"max-image-preview:large","max-video-preview":"max-video-preview:-1"},"canonical":"https:\/\/oraontinyent.com\/val\/telpark\/","og_locale":"en_US","og_type":"article","og_title":"Telpark - Ontinyent","og_url":"https:\/\/oraontinyent.com\/val\/telpark\/","og_site_name":"Ontinyent","article_modified_time":"2024-07-12T14:52:46+00:00","twitter_card":"summary_large_image","schema":{"@context":"https:\/\/schema.org","@graph":[{"@type":"WebPage","@id":"https:\/\/oraontinyent.com\/val\/telpark\/","url":"https:\/\/oraontinyent.com\/val\/telpark\/","name":"Telpark - Ontinyent","isPartOf":{"@id":"https:\/\/oraontinyent.com\/val\/#website"},"datePublished":"2024-07-02T08:26:17+00:00","dateModified":"2024-07-12T14:52:46+00:00","breadcrumb":{"@id":"https:\/\/oraontinyent.com\/val\/telpark\/#breadcrumb"},"inLanguage":"ca-VAL","potentialAction":[{"@type":"ReadAction","target":["https:\/\/oraontinyent.com\/val\/telpark\/"]}]},{"@type":"BreadcrumbList","@id":"https:\/\/oraontinyent.com\/val\/telpark\/#breadcrumb","itemListElement":[{"@type":"ListItem","position":1,"name":"Home","item":"https:\/\/oraontinyent.com\/val\/"},{"@type":"ListItem","position":2,"name":"Telpark"}]},{"@type":"WebSite","@id":"https:\/\/oraontinyent.com\/val\/#website","url":"https:\/\/oraontinyent.com\/val\/","name":"Ontinyent","description":"","publisher":{"@id":"https:\/\/oraontinyent.com\/val\/#organization"},"potentialAction":[{"@type":"SearchAction","target":{"@type":"EntryPoint","urlTemplate":"https:\/\/oraontinyent.com\/val\/?s={search_term_string}"},"query-input":"required name=search_term_string"}],"inLanguage":"ca-VAL"},{"@type":"Organization","@id":"https:\/\/oraontinyent.com\/val\/#organization","name":"Ontinyent","url":"https:\/\/oraontinyent.com\/val\/","logo":{"@type":"ImageObject","inLanguage":"ca-VAL","@id":"https:\/\/oraontinyent.com\/val\/#\/schema\/logo\/image\/","url":"https:\/\/oraontinyent.com\/wp-content\/uploads\/sites\/33\/2024\/07\/Logo_Ontinyent-2.png","contentUrl":"https:\/\/oraontinyent.com\/wp-content\/uploads\/sites\/33\/2024\/07\/Logo_Ontinyent-2.png","width":220,"height":120,"caption":"Ontinyent"},"image":{"@id":"https:\/\/oraontinyent.com\/val\/#\/schema\/logo\/image\/"}}]}},"meta_box":[],"_links":{"self":[{"href":"https:\/\/oraontinyent.com\/val\/wp-json\/wp\/v2\/pages\/243"}],"collection":[{"href":"https:\/\/oraontinyent.com\/val\/wp-json\/wp\/v2\/pages"}],"about":[{"href":"https:\/\/oraontinyent.com\/val\/wp-json\/wp\/v2\/types\/page"}],"author":[{"embeddable":true,"href":"https:\/\/oraontinyent.com\/val\/wp-json\/wp\/v2\/users\/8"}],"replies":[{"embeddable":true,"href":"https:\/\/oraontinyent.com\/val\/wp-json\/wp\/v2\/comments?post=243"}],"version-history":[{"count":2,"href":"https:\/\/oraontinyent.com\/val\/wp-json\/wp\/v2\/pages\/243\/revisions"}],"predecessor-version":[{"id":246,"href":"https:\/\/oraontinyent.com\/val\/wp-json\/wp\/v2\/pages\/243\/revisions\/246"}],"wp:attachment":[{"href":"https:\/\/oraontinyent.com\/val\/wp-json\/wp\/v2\/media?parent=243"}],"curies":[{"name":"wp","href":"https:\/\/api.w.org\/{rel}","templated":true}]}}