{"id":236,"date":"2024-07-02T08:25:39","date_gmt":"2024-07-02T08:25:39","guid":{"rendered":"https:\/\/oraontinyent.com\/politica-de-privacidad\/"},"modified":"2024-07-12T14:42:05","modified_gmt":"2024-07-12T14:42:05","slug":"politica-de-privacidad","status":"publish","type":"page","link":"https:\/\/oraontinyent.com\/val\/politica-de-privacidad\/","title":{"rendered":"Pol\u00edtica de Privacitat"},"content":{"rendered":"\n<p><strong>1. Responsable del tractament<\/strong><\/p>\n\n\n\n<p>El responsable del tractament de les dades personals que ens proporcione \u00e9s <strong>Dornier, S.A. (\u201cDornier\u201d)<\/strong> amb CIF A58369497. Les dades de contacte del responsable s\u00f3n les seg\u00fcents:<\/p>\n\n\n\n<p>\u2022 Adre\u00e7a postal: C\/ Avinguda del General Per\u00f3n n\u00ba36, 1\u00aa Planta, 28020.<\/p>\n\n\n\n<p>\u2022 Tel\u00e8fon: 91 54 68 900<\/p>\n\n\n\n<p>El Grup Empark, del qual forma part Dornier, ha nomenat un Delegat de Protecci\u00f3 de Dades, davant el qual podr\u00e0 manifestar qualsevol q\u00fcesti\u00f3 relativa al tractament de les seues dades personals i les dades de contacte del qual s\u00f3n les seg\u00fcents:<\/p>\n\n\n\n<p>\u2022 Adre\u00e7a postal: C\/ Avinguda del General Per\u00f3n n\u00ba36, 1\u00aa Planta, 28020.<\/p>\n\n\n\n<p>\u2022 Correu electr\u00f2nic: <a href=\"mailto:dpo@empark.com\">dpo@empark.com<\/a><\/p>\n\n\n\n<p><strong>2. Finalitats del tractament, bases legitimadores i terminis de conservaci\u00f3 de les seues dades<\/strong><\/p>\n\n\n\n<p><em>a). Consultes i peticions d\u2019informaci\u00f3<\/em><\/p>\n\n\n\n<p>Les seues dades podran ser tractades per a l\u2019atenci\u00f3, gesti\u00f3 i satisfacci\u00f3 de la consulta o petici\u00f3 d\u2019informaci\u00f3 relativa a un servici que ens envie a trav\u00e9s del formulari de contacte, ubicat en el seg\u00fcent enlla\u00e7: <a href=\"http:\/\/oraontinyent.com\/es\/atencion-al-publico\">http:\/\/oraontinyent.com\/es\/atencion-al-publico<\/a>, o a trav\u00e9s del nostre e-mail oficial del lloc web: <a href=\"mailto:oraontinyent@telpark.com\">oraontinyent@telpark.com<\/a>. Estos tractaments troben la seua base leg\u00edtima en el consentiment que ens presta a trav\u00e9s de l\u2019enviament del mail en el qual inclou la seua consulta o a trav\u00e9s del formulari que vost\u00e9 ompliga en l\u2019enlla\u00e7 anteriorment assenyalat.<\/p>\n\n\n\n<p>Les dades personals facilitades seran conservades mentre siguen necess\u00e0ries per a la gesti\u00f3 i satisfacci\u00f3 de la seua consulta o petici\u00f3 d\u2019informaci\u00f3. Superat este per\u00edode, les dades seran definitivament cancel\u00b7lades.<\/p>\n\n\n\n<p><em>b). Aplicacions a processos de selecci\u00f3<\/em><\/p>\n\n\n\n<p>Les seues dades tamb\u00e9 podran ser tractades per a la gesti\u00f3 del proc\u00e9s de selecci\u00f3 al qual aplique, o per a l\u2019oferta d\u2019un lloc de treball, en cas que vost\u00e9 no aplique a un proc\u00e9s de selecci\u00f3 concret, durant el per\u00edode d\u20191 any. La base leg\u00edtima per a este tractament es troba en l\u2019execuci\u00f3 de mesures precontractuals, en tant que la finalitat del proc\u00e9s de selecci\u00f3 \u00e9s la possible contractaci\u00f3 laboral.<\/p>\n\n\n\n<p>Les dades personals facilitades seran conservades mentre siguen necess\u00e0ries per a la finalitzaci\u00f3 d\u2019un proc\u00e9s de selecci\u00f3 espec\u00edfic o per a la cerca d\u2019una oferta d\u2019un lloc de treball, durant el per\u00edode d\u20191 any. Superats estos per\u00edodes, les dades seran definitivament cancel\u00b7lades.<\/p>\n\n\n\n<p><em>c). Enviament de comunicacions comercials i d\u2019oportunitats professionals a no clients<\/em><\/p>\n\n\n\n<p>Sempre que haja prestat el seu consentiment, les seues dades seran tractades per a l\u2019enviament de comunicacions comercials sobre productes o servicis del Grup Empark o de tercers, relacionats amb els sectors d\u2019aparcament i de pagament electr\u00f2nic, o per a l\u2019enviament d\u2019oportunitats professionals per a treballar amb nosaltres. La base leg\u00edtima d\u2019estos tractaments \u00e9s el consentiment que vost\u00e9 haja prestat. Les seues dades seran tractades fins al moment en qu\u00e8 retire el seu consentiment, moment en el qual seran definitivament cancel\u00b7lades. Podr\u00e0 retirar el consentiment prestat a trav\u00e9s dels canals continguts en l\u2019apartat 4 d\u2019esta Pol\u00edtica.<\/p>\n\n\n\n<p><em>d). Tractaments realitzats sobre les dades personals dels nostres clients<\/em><\/p>\n\n\n\n<p>En cas que vost\u00e9 haja contractat un dels nostres productes o servicis, les seues dades seran tractades per a la gesti\u00f3 d\u2019aquests productes i\/o servicis.<\/p>\n\n\n\n<p>Addicionalment, Dornier podr\u00e0 tractar les seues dades personals per a donar compliment a qualsevol obligaci\u00f3 legal que li incumba, incloent obligacions tribut\u00e0ries i, si \u00e9s el cas, la normativa local que resulte d\u2019aplicaci\u00f3.<\/p>\n\n\n\n<p>Dornier podr\u00e0 contactar amb els seus clients per a informar-los sobre productes o servicis similars als contractats i oferits per Dornier que puguen ser del seu inter\u00e9s. Per al desenvolupament d\u2019esta finalitat les seues dades seran tractades per a aplicar t\u00e8cniques de perfilatge\/segmentaci\u00f3 que permeten que els productes o servicis que puguem oferir s\u2019ajusten al m\u00e0xim possible als seus interessos i necessitats. En esta an\u00e0lisi, es podran tindre en compte les seues dades demogr\u00e0fiques, aix\u00ed com les referents al tipus de producte contractat.<\/p>\n\n\n\n<p>En cas que el client haja prestat el seu consentiment, les seues dades tamb\u00e9 podran ser tractades per a informar-lo sobre altres productes o servicis oferits pel Grup Empark o per tercers, relacionats amb els sectors d\u2019aparcament i de pagament electr\u00f2nic. Per al desenvolupament d\u2019esta finalitat les seues dades seran tractades per a aplicar t\u00e8cniques de perfilatge\/segmentaci\u00f3 que permeten que els productes o servicis que puguem oferir-li s\u2019ajusten al m\u00e0xim possible als seus interessos i necessitats. En esta an\u00e0lisi, es podran tindre en compte les seues dades demogr\u00e0fiques, aix\u00ed com les referents al tipus de producte contractat.<\/p>\n\n\n\n<p>Aix\u00ed mateix, en cas que el client haja prestat el seu consentiment, les seues dades personals podran ser cedides a empreses del Grup Empark o a terceres empreses relacionades amb els sectors d\u2019aparcament i de pagament electr\u00f2nic, amb la finalitat que puguen posar-se en contacte amb vost\u00e9 per a informar-lo sobre productes i servicis que estes empreses comercialitzen.<\/p>\n\n\n\n<p>El client podr\u00e0 retirar el consentiment prestat o oposar-se a la recepci\u00f3 de comunicacions comercials a trav\u00e9s dels canals especificats en l\u2019apartat 4 d\u2019esta Pol\u00edtica.<\/p>\n\n\n\n<p>Les dades personals dels clients seran conservades mentre siguen necess\u00e0ries per a les finalitats anteriorment descrites. Per a aquells tractaments en els quals vost\u00e9 haja prestat el seu consentiment, les seues dades seran tractades fins al moment en qu\u00e8 retire el seu consentiment. En el moment en qu\u00e8 no siguen necess\u00e0ries per a estes finalitats, les dades seran bloquejades durant el per\u00edode en qu\u00e8 puguen ser necess\u00e0ries per a l\u2019exercici o la defensa enfront d\u2019accions administratives o judicials i nom\u00e9s podran ser desbloquejades i tractades de nou per este motiu. Superat este per\u00edode, les dades seran definitivament cancel\u00b7lades.<\/p>\n\n\n\n<p><strong>3. Destinataris de les dades personals<\/strong><\/p>\n\n\n\n<p>Les seues dades personals podran ser cedides a Administracions, Autoritats i Organismes P\u00fablics, inclosos Jutjats i Tribunals, quan aix\u00ed ho exigisca la normativa aplicable.<\/p>\n\n\n\n<p>Tamb\u00e9 podran tindre acc\u00e9s a les seues dades personals els prove\u00efdors de servicis que Dornier contracte o puga contractar i que tinguen la condici\u00f3 d\u2019encarregat de tractament, aix\u00ed com empreses del Grup Empark, amb l\u2019\u00fanic prop\u00f2sit de gestionar les finalitats anteriorment descrites.<\/p>\n\n\n\n<p>Tamb\u00e9 podran ser cedides les seues dades personals a empreses del Grup Empark o a terceres empreses relacionades amb els sectors d\u2019aparcament i de pagament electr\u00f2nic, sempre que, sent client nostre, haja prestat el seu consentiment per a aix\u00f2.<\/p>\n\n\n\n<p>Pot consultar el llistat d\u2019empreses del Grup Empark en el seg\u00fcent enlla\u00e7: <a href=\"https:\/\/www.empark.com\/es\/es\/listado-de-sociedades-del-grupo-empark\">https:\/\/www.empark.com\/es\/es\/listado-de-sociedades-del-grupo-empark<\/a><\/p>\n\n\n\n<p><strong>4. Drets de l\u2019interessat en relaci\u00f3 amb el tractament de les seues dades personals<\/strong><\/p>\n\n\n\n<p>Vost\u00e9 podr\u00e0 exercir els seus drets d\u2019acc\u00e9s, rectificaci\u00f3, cancel\u00b7laci\u00f3, limitaci\u00f3 del tractament i portabilitat de les dades en els casos i amb l\u2019abast que establisca la normativa aplicable en cada moment.<\/p>\n\n\n\n<p>Tamb\u00e9 t\u00e9 dret a retirar el consentiment prestat en qualsevol moment i a oposar-se a rebre comunicacions comercials.<\/p>\n\n\n\n<p>Per a exercir estos drets podr\u00e0 dirigir-se a Dornier per algun dels seg\u00fcents canals:<\/p>\n\n\n\n<p>\u2022 Correu postal, adjuntant fotoc\u00f2pia del seu D.N.I., passaport o qualsevol altre document identificatiu, i petici\u00f3 en qu\u00e8 es concrete la sol\u00b7licitud a Dornier, S.A., Avinguda del General Per\u00f3n, 36, planta 1\u00aa -Departament d\u2019Atenci\u00f3 al Client RGPD.<\/p>\n\n\n\n<p>\u2022 Correu electr\u00f2nic a l\u2019adre\u00e7a <a href=\"mailto:dpo@empark.com\">dpo@empark.com<\/a> amb la seg\u00fcent informaci\u00f3: nom i cognoms de l\u2019interessat, fotoc\u00f2pia del Document Nacional d\u2019Identitat, passaport o qualsevol altre document identificatiu, i petici\u00f3 en qu\u00e8 es concrete la sol\u00b7licitud.<\/p>\n\n\n\n<p>Se li informa, aix\u00ed mateix, del seu dret<\/p>\n","protected":false},"excerpt":{"rendered":"<p>1. Responsable del tractament El responsable del tractament de les dades personals que ens proporcione \u00e9s Dornier, S.A. (\u201cDornier\u201d) amb CIF A58369497. Les dades de contacte del responsable s\u00f3n les seg\u00fcents: \u2022 Adre\u00e7a postal: C\/ Avinguda del General Per\u00f3n n\u00ba36, 1\u00aa Planta, 28020. \u2022 Tel\u00e8fon: 91 54 68 900 El Grup Empark, del qual forma [&hellip;]<\/p>\n","protected":false},"author":8,"featured_media":0,"parent":0,"menu_order":0,"comment_status":"closed","ping_status":"closed","template":"","meta":[],"yoast_head":"<!-- This site is optimized with the Yoast SEO plugin v20.12 - https:\/\/yoast.com\/wordpress\/plugins\/seo\/ -->\n<title>Pol\u00edtica de Privacitat - Ontinyent<\/title>\n<meta name=\"robots\" content=\"index, follow, max-snippet:-1, max-image-preview:large, max-video-preview:-1\" \/>\n<link rel=\"canonical\" href=\"https:\/\/oraontinyent.com\/val\/politica-de-privacidad\/\" \/>\n<meta property=\"og:locale\" content=\"en_US\" \/>\n<meta property=\"og:type\" content=\"article\" \/>\n<meta property=\"og:title\" content=\"Pol\u00edtica de Privacitat - Ontinyent\" \/>\n<meta property=\"og:description\" content=\"1. Responsable del tractament El responsable del tractament de les dades personals que ens proporcione \u00e9s Dornier, S.A. (\u201cDornier\u201d) amb CIF A58369497. Les dades de contacte del responsable s\u00f3n les seg\u00fcents: \u2022 Adre\u00e7a postal: C\/ Avinguda del General Per\u00f3n n\u00ba36, 1\u00aa Planta, 28020. \u2022 Tel\u00e8fon: 91 54 68 900 El Grup Empark, del qual forma [&hellip;]\" \/>\n<meta property=\"og:url\" content=\"https:\/\/oraontinyent.com\/val\/politica-de-privacidad\/\" \/>\n<meta property=\"og:site_name\" content=\"Ontinyent\" \/>\n<meta property=\"article:modified_time\" content=\"2024-07-12T14:42:05+00:00\" \/>\n<meta name=\"twitter:card\" content=\"summary_large_image\" \/>\n<meta name=\"twitter:label1\" content=\"Est. reading time\" \/>\n\t<meta name=\"twitter:data1\" content=\"6 minutes\" \/>\n<script type=\"application\/ld+json\" class=\"yoast-schema-graph\">{\"@context\":\"https:\/\/schema.org\",\"@graph\":[{\"@type\":\"WebPage\",\"@id\":\"https:\/\/oraontinyent.com\/val\/politica-de-privacidad\/\",\"url\":\"https:\/\/oraontinyent.com\/val\/politica-de-privacidad\/\",\"name\":\"Pol\u00edtica de Privacitat - Ontinyent\",\"isPartOf\":{\"@id\":\"https:\/\/oraontinyent.com\/val\/#website\"},\"datePublished\":\"2024-07-02T08:25:39+00:00\",\"dateModified\":\"2024-07-12T14:42:05+00:00\",\"breadcrumb\":{\"@id\":\"https:\/\/oraontinyent.com\/val\/politica-de-privacidad\/#breadcrumb\"},\"inLanguage\":\"ca-VAL\",\"potentialAction\":[{\"@type\":\"ReadAction\",\"target\":[\"https:\/\/oraontinyent.com\/val\/politica-de-privacidad\/\"]}]},{\"@type\":\"BreadcrumbList\",\"@id\":\"https:\/\/oraontinyent.com\/val\/politica-de-privacidad\/#breadcrumb\",\"itemListElement\":[{\"@type\":\"ListItem\",\"position\":1,\"name\":\"Home\",\"item\":\"https:\/\/oraontinyent.com\/val\/\"},{\"@type\":\"ListItem\",\"position\":2,\"name\":\"Pol\u00edtica de Privacitat\"}]},{\"@type\":\"WebSite\",\"@id\":\"https:\/\/oraontinyent.com\/val\/#website\",\"url\":\"https:\/\/oraontinyent.com\/val\/\",\"name\":\"Ontinyent\",\"description\":\"\",\"publisher\":{\"@id\":\"https:\/\/oraontinyent.com\/val\/#organization\"},\"potentialAction\":[{\"@type\":\"SearchAction\",\"target\":{\"@type\":\"EntryPoint\",\"urlTemplate\":\"https:\/\/oraontinyent.com\/val\/?s={search_term_string}\"},\"query-input\":\"required name=search_term_string\"}],\"inLanguage\":\"ca-VAL\"},{\"@type\":\"Organization\",\"@id\":\"https:\/\/oraontinyent.com\/val\/#organization\",\"name\":\"Ontinyent\",\"url\":\"https:\/\/oraontinyent.com\/val\/\",\"logo\":{\"@type\":\"ImageObject\",\"inLanguage\":\"ca-VAL\",\"@id\":\"https:\/\/oraontinyent.com\/val\/#\/schema\/logo\/image\/\",\"url\":\"https:\/\/oraontinyent.com\/wp-content\/uploads\/sites\/33\/2024\/07\/Logo_Ontinyent-2.png\",\"contentUrl\":\"https:\/\/oraontinyent.com\/wp-content\/uploads\/sites\/33\/2024\/07\/Logo_Ontinyent-2.png\",\"width\":220,\"height\":120,\"caption\":\"Ontinyent\"},\"image\":{\"@id\":\"https:\/\/oraontinyent.com\/val\/#\/schema\/logo\/image\/\"}}]}<\/script>\n<!-- \/ Yoast SEO plugin. -->","yoast_head_json":{"title":"Pol\u00edtica de Privacitat - Ontinyent","robots":{"index":"index","follow":"follow","max-snippet":"max-snippet:-1","max-image-preview":"max-image-preview:large","max-video-preview":"max-video-preview:-1"},"canonical":"https:\/\/oraontinyent.com\/val\/politica-de-privacidad\/","og_locale":"en_US","og_type":"article","og_title":"Pol\u00edtica de Privacitat - Ontinyent","og_description":"1. Responsable del tractament El responsable del tractament de les dades personals que ens proporcione \u00e9s Dornier, S.A. (\u201cDornier\u201d) amb CIF A58369497. Les dades de contacte del responsable s\u00f3n les seg\u00fcents: \u2022 Adre\u00e7a postal: C\/ Avinguda del General Per\u00f3n n\u00ba36, 1\u00aa Planta, 28020. \u2022 Tel\u00e8fon: 91 54 68 900 El Grup Empark, del qual forma [&hellip;]","og_url":"https:\/\/oraontinyent.com\/val\/politica-de-privacidad\/","og_site_name":"Ontinyent","article_modified_time":"2024-07-12T14:42:05+00:00","twitter_card":"summary_large_image","twitter_misc":{"Est. reading time":"6 minutes"},"schema":{"@context":"https:\/\/schema.org","@graph":[{"@type":"WebPage","@id":"https:\/\/oraontinyent.com\/val\/politica-de-privacidad\/","url":"https:\/\/oraontinyent.com\/val\/politica-de-privacidad\/","name":"Pol\u00edtica de Privacitat - Ontinyent","isPartOf":{"@id":"https:\/\/oraontinyent.com\/val\/#website"},"datePublished":"2024-07-02T08:25:39+00:00","dateModified":"2024-07-12T14:42:05+00:00","breadcrumb":{"@id":"https:\/\/oraontinyent.com\/val\/politica-de-privacidad\/#breadcrumb"},"inLanguage":"ca-VAL","potentialAction":[{"@type":"ReadAction","target":["https:\/\/oraontinyent.com\/val\/politica-de-privacidad\/"]}]},{"@type":"BreadcrumbList","@id":"https:\/\/oraontinyent.com\/val\/politica-de-privacidad\/#breadcrumb","itemListElement":[{"@type":"ListItem","position":1,"name":"Home","item":"https:\/\/oraontinyent.com\/val\/"},{"@type":"ListItem","position":2,"name":"Pol\u00edtica de Privacitat"}]},{"@type":"WebSite","@id":"https:\/\/oraontinyent.com\/val\/#website","url":"https:\/\/oraontinyent.com\/val\/","name":"Ontinyent","description":"","publisher":{"@id":"https:\/\/oraontinyent.com\/val\/#organization"},"potentialAction":[{"@type":"SearchAction","target":{"@type":"EntryPoint","urlTemplate":"https:\/\/oraontinyent.com\/val\/?s={search_term_string}"},"query-input":"required name=search_term_string"}],"inLanguage":"ca-VAL"},{"@type":"Organization","@id":"https:\/\/oraontinyent.com\/val\/#organization","name":"Ontinyent","url":"https:\/\/oraontinyent.com\/val\/","logo":{"@type":"ImageObject","inLanguage":"ca-VAL","@id":"https:\/\/oraontinyent.com\/val\/#\/schema\/logo\/image\/","url":"https:\/\/oraontinyent.com\/wp-content\/uploads\/sites\/33\/2024\/07\/Logo_Ontinyent-2.png","contentUrl":"https:\/\/oraontinyent.com\/wp-content\/uploads\/sites\/33\/2024\/07\/Logo_Ontinyent-2.png","width":220,"height":120,"caption":"Ontinyent"},"image":{"@id":"https:\/\/oraontinyent.com\/val\/#\/schema\/logo\/image\/"}}]}},"meta_box":[],"_links":{"self":[{"href":"https:\/\/oraontinyent.com\/val\/wp-json\/wp\/v2\/pages\/236"}],"collection":[{"href":"https:\/\/oraontinyent.com\/val\/wp-json\/wp\/v2\/pages"}],"about":[{"href":"https:\/\/oraontinyent.com\/val\/wp-json\/wp\/v2\/types\/page"}],"author":[{"embeddable":true,"href":"https:\/\/oraontinyent.com\/val\/wp-json\/wp\/v2\/users\/8"}],"replies":[{"embeddable":true,"href":"https:\/\/oraontinyent.com\/val\/wp-json\/wp\/v2\/comments?post=236"}],"version-history":[{"count":1,"href":"https:\/\/oraontinyent.com\/val\/wp-json\/wp\/v2\/pages\/236\/revisions"}],"predecessor-version":[{"id":238,"href":"https:\/\/oraontinyent.com\/val\/wp-json\/wp\/v2\/pages\/236\/revisions\/238"}],"wp:attachment":[{"href":"https:\/\/oraontinyent.com\/val\/wp-json\/wp\/v2\/media?parent=236"}],"curies":[{"name":"wp","href":"https:\/\/api.w.org\/{rel}","templated":true}]}}