{"id":232,"date":"2024-07-02T08:25:25","date_gmt":"2024-07-02T08:25:25","guid":{"rendered":"https:\/\/oraontinyent.com\/politica-de-cookies\/"},"modified":"2024-07-12T14:36:00","modified_gmt":"2024-07-12T14:36:00","slug":"politica-de-cookies","status":"publish","type":"page","link":"https:\/\/oraontinyent.com\/val\/politica-de-cookies\/","title":{"rendered":"Pol\u00edtica de Cookies"},"content":{"rendered":"\n<p>La present pol\u00edtica de cookies t\u00e9 per finalitat informar-li de manera clara i precisa sobre les cookies que s\u2019utilitzen en la p\u00e0gina web <a href=\"http:\/\/www.oraontinyent.com\">www.oraontinyent.com<\/a><\/p>\n\n\n\n<p>Este lloc web, igual que la majoria dels llocs en Internet, usa Cookies per a millorar i optimitzar l\u2019experi\u00e8ncia de l\u2019usuari. A continuaci\u00f3, trobar\u00e0s informaci\u00f3 detallada sobre qu\u00e8 s\u00f3n les \u201cCookies\u201d, quina tipologia utilitza este lloc web, com pots desactivar-les en el teu navegador i com bloquejar espec\u00edficament la instal\u00b7laci\u00f3 de Cookies de tercers.<\/p>\n\n\n\n<p><strong>1. \u00das de cookies<\/strong><\/p>\n\n\n\n<p>Per a optimitzar els nostres servicis, este Lloc, els missatges enviats per correu electr\u00f2nic, els servicis en l\u00ednia, els anuncis i les aplicacions interactives poden utilitzar \u201ccookies\u201d.<\/p>\n\n\n\n<p><strong>Qu\u00e8 \u00e9s una cookie?<\/strong><\/p>\n\n\n\n<p>Una cookie \u00e9s un fitxer (xicotet arxiu) que es descarrega en el seu ordinador en accedir a determinades p\u00e0gines web o l\u2019aplicaci\u00f3 que utilitzes instal\u00b7la en el teu navegador o en el teu dispositiu (Smartphone, tauleta o televisi\u00f3 connectada) durant el teu recorregut per les p\u00e0gines o per l\u2019aplicaci\u00f3. Normalment est\u00e0 format per lletres i n\u00fameros, enviat pel servidor de la nostra web a l\u2019arxiu de cookies del seu navegador.<\/p>\n\n\n\n<p>Les cookies permeten a la nostra p\u00e0gina web, entre altres coses, emmagatzemar i recuperar informaci\u00f3 sobre els seus h\u00e0bits de navegaci\u00f3 o del seu equip i recordar la seua pres\u00e8ncia en establir-se una nova connexi\u00f3 entre el nostre servidor i el seu navegador. El principal prop\u00f2sit d\u2019una cookie \u00e9s permetre al nostre servidor presentar p\u00e0gines web personalitzades que puguen convertir la visita a la web de La Web en una experi\u00e8ncia individual i ajustada a les prefer\u00e8ncies personals.<\/p>\n\n\n\n<p><strong>Quin tipus de cookies empra este Lloc?<\/strong><\/p>\n\n\n\n<p>1.) La Web empra dos tipus de cookies en este Lloc segons el temps de perman\u00e8ncia:<\/p>\n\n\n\n<p>\u2022 Cookies de sessi\u00f3: s\u00f3n cookies temporals que romanen en l\u2019arxiu de cookies del seu navegador mentre est\u00e0 en la nostra p\u00e0gina web. Estes cookies s\u00f3n necess\u00e0ries per a certes aplicacions o funcions i permeten que este Lloc funcione adequadament.<\/p>\n\n\n\n<p>\u2022 Cookies persistents: afavoreixen l\u2019experi\u00e8ncia com a usuari (per exemple, oferint una navegaci\u00f3 personalitzada). Estes cookies romanen en el seu navegador durant un per\u00edode de temps m\u00e9s ampli. Este per\u00edode dep\u00e9n dels ajustos que haja introdu\u00eft en el seu navegador. Les cookies persistents permeten que la informaci\u00f3 siga transferida al servidor d\u2019este Lloc cada vegada que el visita. Tamb\u00e9 es coneixen com a cookies de seguiment.<\/p>\n\n\n\n<p>2.) Segons la finalitat per a la qual es tracten les dades obtingudes, este Lloc empra els seg\u00fcents tipus de cookies:<\/p>\n\n\n\n<p>\u2022 Cookies t\u00e8cniques: S\u00f3n aquelles que li permeten la navegaci\u00f3 a trav\u00e9s d\u2019una p\u00e0gina web, plataforma o aplicaci\u00f3 i la utilitzaci\u00f3 de les diferents opcions o servicis que en esta existixen com, per exemple, el control del tr\u00e0nsit i la comunicaci\u00f3 de dades, identificar la sessi\u00f3, accedir a parts d\u2019acc\u00e9s restringit, recordar els elements que integren una comanda, realitzar el proc\u00e9s de compra d\u2019una comanda, realitzar la sol\u00b7licitud d\u2019inscripci\u00f3 o participaci\u00f3 en un esdeveniment, utilitzar elements de seguretat durant la navegaci\u00f3, emmagatzemar continguts per a la difusi\u00f3 de v\u00eddeos o so o compartir continguts a trav\u00e9s de xarxes socials.<\/p>\n\n\n\n<p>\u2022 Cookies de personalitzaci\u00f3: S\u00f3n aquelles que li permeten accedir al servici amb algunes caracter\u00edstiques de car\u00e0cter general predefinides en funci\u00f3 d\u2019una s\u00e8rie de criteris en el seu terminal (per exemple l\u2019idioma, el tipus de navegador a trav\u00e9s del qual accedix al servici, la configuraci\u00f3 regional des d\u2019on accedix al servici, etc).<\/p>\n\n\n\n<p>\u2022 Cookies d\u2019an\u00e0lisi: S\u00f3n aquelles que ben tractades per nosaltres o per tercers, ens permeten quantificar el nombre d\u2019usuaris i aix\u00ed realitzar la mesura i an\u00e0lisi estad\u00edstica de la utilitzaci\u00f3 que fan els usuaris del servici oferit. Per a aix\u00f2 s\u2019analitza la seua navegaci\u00f3 en la nostra p\u00e0gina web amb la finalitat de millorar l\u2019oferta de productes o servicis que li oferim.<\/p>\n\n\n\n<p>\u2022 Cookies publicit\u00e0ries: S\u00f3n aquelles que, ben tractades per nosaltres o per tercers, ens permeten gestionar de la forma m\u00e9s efica\u00e7 possible l\u2019oferta dels espais publicitaris que hi ha en la p\u00e0gina web, adequant el contingut de l\u2019anunci al contingut del servici sol\u00b7licitat o a l\u2019\u00fas que realitze de la nostra p\u00e0gina web. Per a aix\u00f2 podem analitzar els seus h\u00e0bits de navegaci\u00f3 en Internet i podem mostrar-li publicitat relacionada amb el seu perfil de navegaci\u00f3.<\/p>\n\n\n\n<p>\u2022 Cookies de publicitat comportamental: S\u00f3n aquelles que, ben tractades per nosaltres o per tercers, ens permeten la gesti\u00f3, de la forma m\u00e9s efica\u00e7 possible, dels espais publicitaris que, si \u00e9s el cas, pogueren estar inclosos en este Lloc des del qual es presta el servici sol\u00b7licitat. Estes cookies emmagatzemen informaci\u00f3 del seu comportament obtinguda a trav\u00e9s de l\u2019observaci\u00f3 continuada dels seus h\u00e0bits de navegaci\u00f3, la qual cosa ens permet desenvolupar un perfil espec\u00edfic per a mostrar la publicitat en funci\u00f3 del mateix.<\/p>\n\n\n\n<p><strong>2. Cookies de tercers<\/strong><\/p>\n\n\n\n<p>Per a mostrar publicitat i realitzar el seguiment de les nostres comunicacions de m\u00e0rqueting, La Web pot usar mitjans de tercers. Estos usen les cookies per a mesurar l\u2019efic\u00e0cia dels anuncis i personalitzar el seu contingut. La informaci\u00f3 que pot ser arreplegada per tercers pot incloure dades com la localitzaci\u00f3 geogr\u00e0fica (a trav\u00e9s de l\u2019adre\u00e7a IP), dades de contacte o, nom\u00e9s si \u00e9s introdu\u00efda a trav\u00e9s d\u2019este Lloc, l\u2019adre\u00e7a de correu electr\u00f2nic.<\/p>\n\n\n\n<p><strong>3. Web beacons o p\u00edxel tags<\/strong><\/p>\n\n\n\n<p>Este Lloc utilitza web beacons (tamb\u00e9 denominats \u201cp\u00edxel tags\u201d). Un web beacon \u00e9s una imatge gr\u00e0fica transparent, normalment no major d\u20191 x 1 p\u00edxel, que se situa en una p\u00e0gina web o en un e-mail per a monitorar el comportament en l\u00ednia de l\u2019usuari que visita la p\u00e0gina web.<\/p>\n\n\n\n<p>Estes imatges empren principalment tecnologies de tercers, en el cas d\u2019este Lloc s\u2019usen per a monitorar l\u2019activitat dels visitants, com con\u00e9ixer quines p\u00e0gines del Lloc visita, quan i des d\u2019on (pa\u00eds\/ciutat).<\/p>\n\n\n\n<p><strong>4. Seguiment i An\u00e0lisi<\/strong><\/p>\n\n\n\n<p>Per a la cont\u00ednua optimitzaci\u00f3 de les seues comunicacions de m\u00e0rqueting, La Web empra el software anal\u00edtic Google Analytics. Esta tecnologia permet con\u00e9ixer el comportament en l\u00ednia del visitant en termes de temps, localitzaci\u00f3 geogr\u00e0fica i \u00fas d\u2019este Lloc. La informaci\u00f3 es recull a trav\u00e9s de p\u00edxels tags i\/o cookies de seguiment. Esta informaci\u00f3 \u00e9s an\u00f2nima, no est\u00e0 vinculada amb les dades personals i La Web no la compartix amb tercers per al seu \u00fas independent. Tota la informaci\u00f3 necess\u00e0ria per a l\u2019an\u00e0lisi est\u00e0 emmagatzemada en els servidors en Google.<\/p>\n\n\n\n<p><strong>5. Habilitaci\u00f3 i deshabilitaci\u00f3 de les cookies i de recursos similars<\/strong><\/p>\n\n\n\n<p>Recorde que certes funcions i la plena funcionalitat d\u2019este Lloc poden no estar disponibles despr\u00e9s de deshabilitar les cookies. Pot vost\u00e9 permetre, bloquejar o esborrar les cookies instal\u00b7lades en el seu equip mitjan\u00e7ant la configuraci\u00f3 de les opcions del navegador instal\u00b7lat en el seu ordinador.<\/p>\n\n\n\n<p>A continuaci\u00f3, t\u2019indiquem els links dels principals navegadors i dispositius perqu\u00e8 disposes de tota la informaci\u00f3 per a consultar com gestionar les cookies en el teu navegador.<\/p>\n\n\n\n<p>\u2022 Per a m\u00e9s informaci\u00f3 sobre el Navegador Google Chrome\u2122 fes clic <a href=\"https:\/\/support.google.com\/chrome\/answer\/95647?hl=es\">ac\u00ed<\/a><\/p>\n\n\n\n<p>\u2022 Per a m\u00e9s informaci\u00f3 sobre el Navegador Internet Explorer fes clic <a href=\"https:\/\/support.microsoft.com\/en-us\/help\/17442\/windows-internet-explorer-delete-manage-cookies#ie=ie-10\">ac\u00ed<\/a><\/p>\n\n\n\n<p>\u2022 Per a m\u00e9s informaci\u00f3 sobre el Navegador Mozilla Firefox\u2122 fes clic <a href=\"https:\/\/support.mozilla.org\/es\/kb\/habilitar-y-deshabilitar-cookies-sitios-web-rastrear-preferencias\">ac\u00ed<\/a><\/p>\n\n\n\n<p>\u2022 Per a m\u00e9s informaci\u00f3 sobre el Navegador Safari\u2122 fes clic <a href=\"https:\/\/support.apple.com\/en-us\/HT201265\">ac\u00ed<\/a><\/p>\n\n\n\n<p>\u2022 Per a m\u00e9s informaci\u00f3 sobre Opera\u2122 fes clic <a href=\"https:\/\/www.opera.com\/help\/tutorials\/security\/privacy\/\">ac\u00ed<\/a><\/p>\n\n\n\n<p><strong>6. Acceptaci\u00f3 de la pol\u00edtica de cookies<\/strong><\/p>\n\n\n\n<p>Pitjant el bot\u00f3 \u201cAcceptar\u201d s\u2019assumix que vost\u00e9 accepta l\u2019\u00fas de cookies.<\/p>\n","protected":false},"excerpt":{"rendered":"<p>La present pol\u00edtica de cookies t\u00e9 per finalitat informar-li de manera clara i precisa sobre les cookies que s\u2019utilitzen en la p\u00e0gina web www.oraontinyent.com Este lloc web, igual que la majoria dels llocs en Internet, usa Cookies per a millorar i optimitzar l\u2019experi\u00e8ncia de l\u2019usuari. A continuaci\u00f3, trobar\u00e0s informaci\u00f3 detallada sobre qu\u00e8 s\u00f3n les \u201cCookies\u201d, [&hellip;]<\/p>\n","protected":false},"author":8,"featured_media":0,"parent":0,"menu_order":0,"comment_status":"closed","ping_status":"closed","template":"","meta":[],"yoast_head":"<!-- This site is optimized with the Yoast SEO plugin v20.12 - https:\/\/yoast.com\/wordpress\/plugins\/seo\/ -->\n<title>Pol\u00edtica de Cookies - Ontinyent<\/title>\n<meta name=\"robots\" content=\"index, follow, max-snippet:-1, max-image-preview:large, max-video-preview:-1\" \/>\n<link rel=\"canonical\" href=\"https:\/\/oraontinyent.com\/val\/politica-de-cookies\/\" \/>\n<meta property=\"og:locale\" content=\"en_US\" \/>\n<meta property=\"og:type\" content=\"article\" \/>\n<meta property=\"og:title\" content=\"Pol\u00edtica de Cookies - Ontinyent\" \/>\n<meta property=\"og:description\" content=\"La present pol\u00edtica de cookies t\u00e9 per finalitat informar-li de manera clara i precisa sobre les cookies que s\u2019utilitzen en la p\u00e0gina web www.oraontinyent.com Este lloc web, igual que la majoria dels llocs en Internet, usa Cookies per a millorar i optimitzar l\u2019experi\u00e8ncia de l\u2019usuari. A continuaci\u00f3, trobar\u00e0s informaci\u00f3 detallada sobre qu\u00e8 s\u00f3n les \u201cCookies\u201d, [&hellip;]\" \/>\n<meta property=\"og:url\" content=\"https:\/\/oraontinyent.com\/val\/politica-de-cookies\/\" \/>\n<meta property=\"og:site_name\" content=\"Ontinyent\" \/>\n<meta property=\"article:modified_time\" content=\"2024-07-12T14:36:00+00:00\" \/>\n<meta name=\"twitter:card\" content=\"summary_large_image\" \/>\n<meta name=\"twitter:label1\" content=\"Est. reading time\" \/>\n\t<meta name=\"twitter:data1\" content=\"6 minutes\" \/>\n<script type=\"application\/ld+json\" class=\"yoast-schema-graph\">{\"@context\":\"https:\/\/schema.org\",\"@graph\":[{\"@type\":\"WebPage\",\"@id\":\"https:\/\/oraontinyent.com\/val\/politica-de-cookies\/\",\"url\":\"https:\/\/oraontinyent.com\/val\/politica-de-cookies\/\",\"name\":\"Pol\u00edtica de Cookies - Ontinyent\",\"isPartOf\":{\"@id\":\"https:\/\/oraontinyent.com\/val\/#website\"},\"datePublished\":\"2024-07-02T08:25:25+00:00\",\"dateModified\":\"2024-07-12T14:36:00+00:00\",\"breadcrumb\":{\"@id\":\"https:\/\/oraontinyent.com\/val\/politica-de-cookies\/#breadcrumb\"},\"inLanguage\":\"ca-VAL\",\"potentialAction\":[{\"@type\":\"ReadAction\",\"target\":[\"https:\/\/oraontinyent.com\/val\/politica-de-cookies\/\"]}]},{\"@type\":\"BreadcrumbList\",\"@id\":\"https:\/\/oraontinyent.com\/val\/politica-de-cookies\/#breadcrumb\",\"itemListElement\":[{\"@type\":\"ListItem\",\"position\":1,\"name\":\"Home\",\"item\":\"https:\/\/oraontinyent.com\/val\/\"},{\"@type\":\"ListItem\",\"position\":2,\"name\":\"Pol\u00edtica de Cookies\"}]},{\"@type\":\"WebSite\",\"@id\":\"https:\/\/oraontinyent.com\/val\/#website\",\"url\":\"https:\/\/oraontinyent.com\/val\/\",\"name\":\"Ontinyent\",\"description\":\"\",\"publisher\":{\"@id\":\"https:\/\/oraontinyent.com\/val\/#organization\"},\"potentialAction\":[{\"@type\":\"SearchAction\",\"target\":{\"@type\":\"EntryPoint\",\"urlTemplate\":\"https:\/\/oraontinyent.com\/val\/?s={search_term_string}\"},\"query-input\":\"required name=search_term_string\"}],\"inLanguage\":\"ca-VAL\"},{\"@type\":\"Organization\",\"@id\":\"https:\/\/oraontinyent.com\/val\/#organization\",\"name\":\"Ontinyent\",\"url\":\"https:\/\/oraontinyent.com\/val\/\",\"logo\":{\"@type\":\"ImageObject\",\"inLanguage\":\"ca-VAL\",\"@id\":\"https:\/\/oraontinyent.com\/val\/#\/schema\/logo\/image\/\",\"url\":\"https:\/\/oraontinyent.com\/wp-content\/uploads\/sites\/33\/2024\/07\/Logo_Ontinyent-2.png\",\"contentUrl\":\"https:\/\/oraontinyent.com\/wp-content\/uploads\/sites\/33\/2024\/07\/Logo_Ontinyent-2.png\",\"width\":220,\"height\":120,\"caption\":\"Ontinyent\"},\"image\":{\"@id\":\"https:\/\/oraontinyent.com\/val\/#\/schema\/logo\/image\/\"}}]}<\/script>\n<!-- \/ Yoast SEO plugin. -->","yoast_head_json":{"title":"Pol\u00edtica de Cookies - Ontinyent","robots":{"index":"index","follow":"follow","max-snippet":"max-snippet:-1","max-image-preview":"max-image-preview:large","max-video-preview":"max-video-preview:-1"},"canonical":"https:\/\/oraontinyent.com\/val\/politica-de-cookies\/","og_locale":"en_US","og_type":"article","og_title":"Pol\u00edtica de Cookies - Ontinyent","og_description":"La present pol\u00edtica de cookies t\u00e9 per finalitat informar-li de manera clara i precisa sobre les cookies que s\u2019utilitzen en la p\u00e0gina web www.oraontinyent.com Este lloc web, igual que la majoria dels llocs en Internet, usa Cookies per a millorar i optimitzar l\u2019experi\u00e8ncia de l\u2019usuari. A continuaci\u00f3, trobar\u00e0s informaci\u00f3 detallada sobre qu\u00e8 s\u00f3n les \u201cCookies\u201d, [&hellip;]","og_url":"https:\/\/oraontinyent.com\/val\/politica-de-cookies\/","og_site_name":"Ontinyent","article_modified_time":"2024-07-12T14:36:00+00:00","twitter_card":"summary_large_image","twitter_misc":{"Est. reading time":"6 minutes"},"schema":{"@context":"https:\/\/schema.org","@graph":[{"@type":"WebPage","@id":"https:\/\/oraontinyent.com\/val\/politica-de-cookies\/","url":"https:\/\/oraontinyent.com\/val\/politica-de-cookies\/","name":"Pol\u00edtica de Cookies - Ontinyent","isPartOf":{"@id":"https:\/\/oraontinyent.com\/val\/#website"},"datePublished":"2024-07-02T08:25:25+00:00","dateModified":"2024-07-12T14:36:00+00:00","breadcrumb":{"@id":"https:\/\/oraontinyent.com\/val\/politica-de-cookies\/#breadcrumb"},"inLanguage":"ca-VAL","potentialAction":[{"@type":"ReadAction","target":["https:\/\/oraontinyent.com\/val\/politica-de-cookies\/"]}]},{"@type":"BreadcrumbList","@id":"https:\/\/oraontinyent.com\/val\/politica-de-cookies\/#breadcrumb","itemListElement":[{"@type":"ListItem","position":1,"name":"Home","item":"https:\/\/oraontinyent.com\/val\/"},{"@type":"ListItem","position":2,"name":"Pol\u00edtica de Cookies"}]},{"@type":"WebSite","@id":"https:\/\/oraontinyent.com\/val\/#website","url":"https:\/\/oraontinyent.com\/val\/","name":"Ontinyent","description":"","publisher":{"@id":"https:\/\/oraontinyent.com\/val\/#organization"},"potentialAction":[{"@type":"SearchAction","target":{"@type":"EntryPoint","urlTemplate":"https:\/\/oraontinyent.com\/val\/?s={search_term_string}"},"query-input":"required name=search_term_string"}],"inLanguage":"ca-VAL"},{"@type":"Organization","@id":"https:\/\/oraontinyent.com\/val\/#organization","name":"Ontinyent","url":"https:\/\/oraontinyent.com\/val\/","logo":{"@type":"ImageObject","inLanguage":"ca-VAL","@id":"https:\/\/oraontinyent.com\/val\/#\/schema\/logo\/image\/","url":"https:\/\/oraontinyent.com\/wp-content\/uploads\/sites\/33\/2024\/07\/Logo_Ontinyent-2.png","contentUrl":"https:\/\/oraontinyent.com\/wp-content\/uploads\/sites\/33\/2024\/07\/Logo_Ontinyent-2.png","width":220,"height":120,"caption":"Ontinyent"},"image":{"@id":"https:\/\/oraontinyent.com\/val\/#\/schema\/logo\/image\/"}}]}},"meta_box":[],"_links":{"self":[{"href":"https:\/\/oraontinyent.com\/val\/wp-json\/wp\/v2\/pages\/232"}],"collection":[{"href":"https:\/\/oraontinyent.com\/val\/wp-json\/wp\/v2\/pages"}],"about":[{"href":"https:\/\/oraontinyent.com\/val\/wp-json\/wp\/v2\/types\/page"}],"author":[{"embeddable":true,"href":"https:\/\/oraontinyent.com\/val\/wp-json\/wp\/v2\/users\/8"}],"replies":[{"embeddable":true,"href":"https:\/\/oraontinyent.com\/val\/wp-json\/wp\/v2\/comments?post=232"}],"version-history":[{"count":2,"href":"https:\/\/oraontinyent.com\/val\/wp-json\/wp\/v2\/pages\/232\/revisions"}],"predecessor-version":[{"id":234,"href":"https:\/\/oraontinyent.com\/val\/wp-json\/wp\/v2\/pages\/232\/revisions\/234"}],"wp:attachment":[{"href":"https:\/\/oraontinyent.com\/val\/wp-json\/wp\/v2\/media?parent=232"}],"curies":[{"name":"wp","href":"https:\/\/api.w.org\/{rel}","templated":true}]}}