{"id":220,"date":"2024-07-02T08:24:08","date_gmt":"2024-07-02T08:24:08","guid":{"rendered":"https:\/\/oraontinyent.com\/formas-de-pago\/"},"modified":"2024-07-12T14:21:55","modified_gmt":"2024-07-12T14:21:55","slug":"formas-de-pago","status":"publish","type":"page","link":"https:\/\/oraontinyent.com\/val\/formas-de-pago\/","title":{"rendered":"Formes de pagament"},"content":{"rendered":"\n<section class=\"tpk-hero tpk-hero--products                lower\"\n         style=\"\">\n                        <picture >\n\n                    <source srcset=\"https:\/\/oraontinyent.com\/wp-content\/uploads\/sites\/33\/2024\/07\/Payment-methods-webp-480x300.webp\" media=\"((min-width: 0rem) and (max-width: 30rem))\">\n                             <source srcset=\"https:\/\/oraontinyent.com\/wp-content\/uploads\/sites\/33\/2024\/07\/Payment-methods-webp-1024x300.webp\" media=\"(min-width: 30rem) and (max-width: 64rem)\" >\n                            <source srcset=\"https:\/\/oraontinyent.com\/wp-content\/uploads\/sites\/33\/2024\/07\/Payment-methods-webp.webp\" media=\"(min-width: 64rem)\" >\n        \n        \n                                                                                                        \n        <img src=\"https:\/\/oraontinyent.com\/wp-content\/uploads\/sites\/33\/2024\/07\/Payment-methods-webp.webp\" alt=\"\"  width=\"1140\" height=\"300\"  loading=\"eager\">\n    <\/picture>\n\n    \n        <div class=\"tpk-hero__content wrapper row\">\n                    <div class=\"col-xs-12 col-sm-12 pr-h pl-h\">\n                                <header class=\"tpk-head  wrapper\">\n    <p class=\"tpk-head__caption\">Funcionament<\/p>    <h1 class=\"tpk-head__title\">Formes de pagament<\/h1>    <\/header>\n            \n                    <\/div>\n    <\/div>\n            <div class=\"tpk-hero__cards row wrapper\">\n                                                                                        <div class=\"col-xs-12 col-sm-12 col-md-4 mb-1 pl-h pr-h\">\n                                                                    <\/div>\n                    <\/div>\n    <\/section>\n<div class=\"tpk-spinner__wrapper\">\n    <div class=\"tpk-spinner\"><\/div>\n<\/div>\n\n<article class=\"tpk-page\">\n    <div class=\"row wrapper center-xs tpk-page__content\">\n        <div class=\"col-xs-12 col-sm-10 col-md-8 pt-4 pb-4\">\n            <p class=\"p1\"><b>Informaci\u00f3<\/b><\/p>\n<p class=\"p3\">Hi ha dues formes d\u2019abonar la taxa d\u2019aparcament, fent \u00fas del parqu\u00edmetre o mitjan\u00e7ant l\u2019App:<\/p>\n<p class=\"p4\">\u2022<b>Parqu\u00edmetre:<\/b> Pot efectuar el pagament del seu estacionament en efectiu o amb targetes banc\u00e0ries (tecnologia EMV) en determinats parqu\u00edmetres.<\/p>\n<ul>\n<li class=\"p5\">Si opta pel pagament en efectiu, seguisca les instruccions detallades en el propi parqu\u00edmetre. Cal tindre en compte que el parqu\u00edmetre no torna canvi, per la qual cosa l\u2019import a introduir haur\u00e0 de ser exacte.<\/li>\n<li class=\"p5\">Si opta pel pagament amb targeta banc\u00e0ria, seguisca les instruccions espec\u00edfiques en el dispositiu. Tinga en compte que no tots els models de parqu\u00edmetre poden disposar de pagament amb targeta banc\u00e0ria, sobretot en cas d\u2019avaries puntuals.<\/li>\n<li class=\"p4\"><b>APP:<\/b> Mitjan\u00e7ant l\u2019app TELPARK (disponible en Google Play, App Store, o a trav\u00e9s de la web), pot gestionar i realitzar el pagament del seu estacionament sense necessitat d\u2019acudir al parqu\u00edmetre. Ser\u00e0 necessari que introdu\u00efsca en l\u2019APP les seues dades personals, informaci\u00f3 de pagament i dades del vehicle que va a realitzar l\u2019estacionament. Addicionalment, l\u2019APP li permetr\u00e0 ampliar o reduir el temps d\u2019aparcament inicialment seleccionat, sempre que no sobrepasse el temps m\u00e0xim d\u2019estacionament per a la zona on ha estacionat.<\/li>\n<li class=\"p4\"><b>Web:<\/b> Tamb\u00e9 pot realitzar el pagament directament <a href=\"https:\/\/app.telpark.com\/parking?1\">des d\u2019ac\u00ed<\/a>.<\/li>\n<\/ul>\n\n        <\/div>\n    <\/div>\n<\/article>\n\n\n<section\n        class=\"tpk-banner-cta tpk-banner-cta--background   \"\n        style=\"\">\n    <div class=\"tpk-banner-cta__content row wrapper middle-xs \">\n                <div class=\"col-xs-12 col-sm-6 tpk-banner-cta__content__picture\">\n                                                        <picture >\n\n                    <source srcset=\"https:\/\/oraontinyent.com\/wp-content\/uploads\/sites\/33\/2024\/07\/Ontinyent-Tarifas-375x500.jpeg\" media=\"((min-width: 0rem) and (max-width: 30rem))\">\n                             <source srcset=\"https:\/\/oraontinyent.com\/wp-content\/uploads\/sites\/33\/2024\/07\/Ontinyent-Tarifas-520x520.jpeg\" media=\"(min-width: 30rem) and (max-width: 64rem)\" >\n                            <source srcset=\"https:\/\/oraontinyent.com\/wp-content\/uploads\/sites\/33\/2024\/07\/Ontinyent-Tarifas.jpeg\" media=\"(min-width: 64rem)\" >\n        \n        \n                                                                                                        \n        <img src=\"https:\/\/oraontinyent.com\/wp-content\/uploads\/sites\/33\/2024\/07\/Ontinyent-Tarifas.jpeg\" alt=\"\"  width=\"623\" height=\"800\"  loading=\"lazy\" >\n    <\/picture>\n\n        <\/div>\n        <div class=\"col-xs-12 col-sm-6 tpk-banner-cta__content__text  align-left \">\n                                                        <header class=\"tpk-head  wrapper\">\n    <p class=\"tpk-head__caption\">Consulta<\/p>    <h2 class=\"tpk-head__title\">Horaris i tarifes<\/h2>    <ul>\n<li>Dilluns a divendres de 9:00 a 13:30 i de 16:30 a 20:00.<\/li>\n<li>Dissabtes de 9:00 a 13:30<\/li>\n<li>Diumenges i festes nacionals, auton\u00f2miques i locals seran lliures de pagament<\/li>\n<\/ul>\n<p><!-- notionvc: b3f02821-d06a-44bb-b72e-e5780ff2617c --><\/p>\n<\/header>                                    <div class=\"tpk-banner-cta__buttons\">\n                                                                                <a  class=\"tpk-button tpk-button--primary tpk-button--lg \" href=\"https:\/\/oraontinyent.com\/val\/horarios-y-tarifas\/\"    >\n    <span>Veure tarifes<\/span>\n    <\/a>                                            <\/div>\n                            <\/div>\n        <\/div>\n<\/section>\n\n<article class=\"tpk-page\">\n    <div class=\"row wrapper center-xs tpk-page__content\">\n        <div class=\"col-xs-12 col-sm-10 col-md-8 pt-4 pb-4\">\n            <h2>Preguntes Freq\u00fcents<\/h2>\n<blockquote>\n<p>Si t\u00e9 qualsevol dubte no dubte a consultar la nostra F.A.Q. (Preguntes Freq\u00fcents) on trobar\u00e0 les q\u00fcestions realitzades per la majoria dels usuaris.<\/p>\n<p><a href=\"https:\/\/oraontinyent.com\/val\/faqs\/\">VEURE PREGUNTES FREQ\u00dcENTS<\/a><\/p>\n<\/blockquote>\n\n        <\/div>\n    <\/div>\n<\/article>\n\n\n<section class=\"tpk-banner-app \">\n    <div class=\"row wrapper middle-xs\">\n        <div class=\"col-xs-12 col-sm-6 col-no-gutter tpk-banner-app__picture\">\n                                                <picture class=\"hide-xs show-sm\">\n\n                             <source srcset=\"https:\/\/oraontinyent.com\/wp-content\/uploads\/sites\/33\/2024\/07\/Web-bloque-ORA-488x534.webp\" media=\"(min-width: 30rem) and (max-width: 64rem)\" >\n                            <source srcset=\"https:\/\/oraontinyent.com\/wp-content\/uploads\/sites\/33\/2024\/07\/Web-bloque-ORA.webp\" media=\"(min-width: 64rem)\" >\n        \n        \n                                                                                                        \n        <img src=\"https:\/\/oraontinyent.com\/wp-content\/uploads\/sites\/33\/2024\/07\/Web-bloque-ORA.webp\" alt=\"\"  width=\"600\" height=\"600\"  loading=\"lazy\" >\n    <\/picture>\n\n                                <\/div>\n        <div class=\"col-xs-12 col-sm-6 tpk-banner-app__content\">\n                        <header class=\"tpk-head  wrapper\">\n    <p class=\"tpk-head__caption\">Aparca i seguix<\/p>    <h2 class=\"tpk-head__title\">Escaneja el codi amb el teu m\u00f2bil per a descarregar l'app<\/h2>    <\/header>\n                        <div class=\"tpk-banner-app__buttons\">\n                            <\/div>\n        <\/div>\n    <\/div>\n<\/section>\n","protected":false},"excerpt":{"rendered":"","protected":false},"author":8,"featured_media":0,"parent":0,"menu_order":0,"comment_status":"closed","ping_status":"closed","template":"","meta":[],"yoast_head":"<!-- This site is optimized with the Yoast SEO plugin v20.12 - https:\/\/yoast.com\/wordpress\/plugins\/seo\/ -->\n<title>Formes de pagament - Ontinyent<\/title>\n<meta name=\"robots\" content=\"index, follow, max-snippet:-1, max-image-preview:large, max-video-preview:-1\" \/>\n<link rel=\"canonical\" href=\"https:\/\/oraontinyent.com\/val\/formas-de-pago\/\" \/>\n<meta property=\"og:locale\" content=\"en_US\" \/>\n<meta property=\"og:type\" content=\"article\" \/>\n<meta property=\"og:title\" content=\"Formes de pagament - Ontinyent\" \/>\n<meta property=\"og:url\" content=\"https:\/\/oraontinyent.com\/val\/formas-de-pago\/\" \/>\n<meta property=\"og:site_name\" content=\"Ontinyent\" \/>\n<meta property=\"article:modified_time\" content=\"2024-07-12T14:21:55+00:00\" \/>\n<meta name=\"twitter:card\" content=\"summary_large_image\" \/>\n<script type=\"application\/ld+json\" class=\"yoast-schema-graph\">{\"@context\":\"https:\/\/schema.org\",\"@graph\":[{\"@type\":\"WebPage\",\"@id\":\"https:\/\/oraontinyent.com\/val\/formas-de-pago\/\",\"url\":\"https:\/\/oraontinyent.com\/val\/formas-de-pago\/\",\"name\":\"Formes de pagament - Ontinyent\",\"isPartOf\":{\"@id\":\"https:\/\/oraontinyent.com\/val\/#website\"},\"datePublished\":\"2024-07-02T08:24:08+00:00\",\"dateModified\":\"2024-07-12T14:21:55+00:00\",\"breadcrumb\":{\"@id\":\"https:\/\/oraontinyent.com\/val\/formas-de-pago\/#breadcrumb\"},\"inLanguage\":\"ca-VAL\",\"potentialAction\":[{\"@type\":\"ReadAction\",\"target\":[\"https:\/\/oraontinyent.com\/val\/formas-de-pago\/\"]}]},{\"@type\":\"BreadcrumbList\",\"@id\":\"https:\/\/oraontinyent.com\/val\/formas-de-pago\/#breadcrumb\",\"itemListElement\":[{\"@type\":\"ListItem\",\"position\":1,\"name\":\"Home\",\"item\":\"https:\/\/oraontinyent.com\/val\/\"},{\"@type\":\"ListItem\",\"position\":2,\"name\":\"Formes de pagament\"}]},{\"@type\":\"WebSite\",\"@id\":\"https:\/\/oraontinyent.com\/val\/#website\",\"url\":\"https:\/\/oraontinyent.com\/val\/\",\"name\":\"Ontinyent\",\"description\":\"\",\"publisher\":{\"@id\":\"https:\/\/oraontinyent.com\/val\/#organization\"},\"potentialAction\":[{\"@type\":\"SearchAction\",\"target\":{\"@type\":\"EntryPoint\",\"urlTemplate\":\"https:\/\/oraontinyent.com\/val\/?s={search_term_string}\"},\"query-input\":\"required name=search_term_string\"}],\"inLanguage\":\"ca-VAL\"},{\"@type\":\"Organization\",\"@id\":\"https:\/\/oraontinyent.com\/val\/#organization\",\"name\":\"Ontinyent\",\"url\":\"https:\/\/oraontinyent.com\/val\/\",\"logo\":{\"@type\":\"ImageObject\",\"inLanguage\":\"ca-VAL\",\"@id\":\"https:\/\/oraontinyent.com\/val\/#\/schema\/logo\/image\/\",\"url\":\"https:\/\/oraontinyent.com\/wp-content\/uploads\/sites\/33\/2024\/07\/Logo_Ontinyent-2.png\",\"contentUrl\":\"https:\/\/oraontinyent.com\/wp-content\/uploads\/sites\/33\/2024\/07\/Logo_Ontinyent-2.png\",\"width\":220,\"height\":120,\"caption\":\"Ontinyent\"},\"image\":{\"@id\":\"https:\/\/oraontinyent.com\/val\/#\/schema\/logo\/image\/\"}}]}<\/script>\n<!-- \/ Yoast SEO plugin. -->","yoast_head_json":{"title":"Formes de pagament - Ontinyent","robots":{"index":"index","follow":"follow","max-snippet":"max-snippet:-1","max-image-preview":"max-image-preview:large","max-video-preview":"max-video-preview:-1"},"canonical":"https:\/\/oraontinyent.com\/val\/formas-de-pago\/","og_locale":"en_US","og_type":"article","og_title":"Formes de pagament - Ontinyent","og_url":"https:\/\/oraontinyent.com\/val\/formas-de-pago\/","og_site_name":"Ontinyent","article_modified_time":"2024-07-12T14:21:55+00:00","twitter_card":"summary_large_image","schema":{"@context":"https:\/\/schema.org","@graph":[{"@type":"WebPage","@id":"https:\/\/oraontinyent.com\/val\/formas-de-pago\/","url":"https:\/\/oraontinyent.com\/val\/formas-de-pago\/","name":"Formes de pagament - Ontinyent","isPartOf":{"@id":"https:\/\/oraontinyent.com\/val\/#website"},"datePublished":"2024-07-02T08:24:08+00:00","dateModified":"2024-07-12T14:21:55+00:00","breadcrumb":{"@id":"https:\/\/oraontinyent.com\/val\/formas-de-pago\/#breadcrumb"},"inLanguage":"ca-VAL","potentialAction":[{"@type":"ReadAction","target":["https:\/\/oraontinyent.com\/val\/formas-de-pago\/"]}]},{"@type":"BreadcrumbList","@id":"https:\/\/oraontinyent.com\/val\/formas-de-pago\/#breadcrumb","itemListElement":[{"@type":"ListItem","position":1,"name":"Home","item":"https:\/\/oraontinyent.com\/val\/"},{"@type":"ListItem","position":2,"name":"Formes de pagament"}]},{"@type":"WebSite","@id":"https:\/\/oraontinyent.com\/val\/#website","url":"https:\/\/oraontinyent.com\/val\/","name":"Ontinyent","description":"","publisher":{"@id":"https:\/\/oraontinyent.com\/val\/#organization"},"potentialAction":[{"@type":"SearchAction","target":{"@type":"EntryPoint","urlTemplate":"https:\/\/oraontinyent.com\/val\/?s={search_term_string}"},"query-input":"required name=search_term_string"}],"inLanguage":"ca-VAL"},{"@type":"Organization","@id":"https:\/\/oraontinyent.com\/val\/#organization","name":"Ontinyent","url":"https:\/\/oraontinyent.com\/val\/","logo":{"@type":"ImageObject","inLanguage":"ca-VAL","@id":"https:\/\/oraontinyent.com\/val\/#\/schema\/logo\/image\/","url":"https:\/\/oraontinyent.com\/wp-content\/uploads\/sites\/33\/2024\/07\/Logo_Ontinyent-2.png","contentUrl":"https:\/\/oraontinyent.com\/wp-content\/uploads\/sites\/33\/2024\/07\/Logo_Ontinyent-2.png","width":220,"height":120,"caption":"Ontinyent"},"image":{"@id":"https:\/\/oraontinyent.com\/val\/#\/schema\/logo\/image\/"}}]}},"meta_box":[],"_links":{"self":[{"href":"https:\/\/oraontinyent.com\/val\/wp-json\/wp\/v2\/pages\/220"}],"collection":[{"href":"https:\/\/oraontinyent.com\/val\/wp-json\/wp\/v2\/pages"}],"about":[{"href":"https:\/\/oraontinyent.com\/val\/wp-json\/wp\/v2\/types\/page"}],"author":[{"embeddable":true,"href":"https:\/\/oraontinyent.com\/val\/wp-json\/wp\/v2\/users\/8"}],"replies":[{"embeddable":true,"href":"https:\/\/oraontinyent.com\/val\/wp-json\/wp\/v2\/comments?post=220"}],"version-history":[{"count":2,"href":"https:\/\/oraontinyent.com\/val\/wp-json\/wp\/v2\/pages\/220\/revisions"}],"predecessor-version":[{"id":223,"href":"https:\/\/oraontinyent.com\/val\/wp-json\/wp\/v2\/pages\/220\/revisions\/223"}],"wp:attachment":[{"href":"https:\/\/oraontinyent.com\/val\/wp-json\/wp\/v2\/media?parent=220"}],"curies":[{"name":"wp","href":"https:\/\/api.w.org\/{rel}","templated":true}]}}