{"id":217,"date":"2024-07-02T08:23:55","date_gmt":"2024-07-02T08:23:55","guid":{"rendered":"https:\/\/oraontinyent.com\/faqs\/"},"modified":"2024-07-12T15:15:50","modified_gmt":"2024-07-12T15:15:50","slug":"faqs","status":"publish","type":"page","link":"https:\/\/oraontinyent.com\/val\/faqs\/","title":{"rendered":"Preguntes freq\u00fcents"},"content":{"rendered":"\n<section class=\"tpk-hero tpk-hero--products                lower\"\n         style=\"\">\n                        <picture >\n\n                    <source srcset=\"https:\/\/oraontinyent.com\/wp-content\/uploads\/sites\/33\/2024\/07\/FAQs-Hero-480x300.webp\" media=\"((min-width: 0rem) and (max-width: 30rem))\">\n                             <source srcset=\"https:\/\/oraontinyent.com\/wp-content\/uploads\/sites\/33\/2024\/07\/FAQs-Hero-1024x300.webp\" media=\"(min-width: 30rem) and (max-width: 64rem)\" >\n                            <source srcset=\"https:\/\/oraontinyent.com\/wp-content\/uploads\/sites\/33\/2024\/07\/FAQs-Hero.webp\" media=\"(min-width: 64rem)\" >\n        \n        \n                                                                                                        \n        <img src=\"https:\/\/oraontinyent.com\/wp-content\/uploads\/sites\/33\/2024\/07\/FAQs-Hero.webp\" alt=\"\"  width=\"1140\" height=\"300\"  loading=\"eager\">\n    <\/picture>\n\n    \n        <div class=\"tpk-hero__content wrapper row\">\n                    <div class=\"col-xs-12 col-sm-12 pr-h pl-h\">\n                                <header class=\"tpk-head  wrapper\">\n            <\/header>\n            \n                    <\/div>\n    <\/div>\n            <div class=\"tpk-hero__cards row wrapper\">\n                                                                                        <div class=\"col-xs-12 col-sm-12 col-md-4 mb-1 pl-h pr-h\">\n                                                                    <\/div>\n                    <\/div>\n    <\/section>\n<div class=\"tpk-spinner__wrapper\">\n    <div class=\"tpk-spinner\"><\/div>\n<\/div>\n\n<section id=\"tpk-faqs\"\n         class=\"tpk-faqs  \">\n                <div class=\"wrapper pl-1 pr-1\">\n                        <header class=\"tpk-head  wrapper\">\n        <h2 class=\"tpk-head__title\">Resolem els teus dubtes<\/h2>    <p><em><span class=\"notion-enable-hover\" data-token-index=\"0\">Consulta en esta secci\u00f3 qualsevol dubte sobre el Servici d'Estacionament Regulat a Ontinyent.<\/span><!-- notionvc: 7f87c59e-798d-40a5-9516-db503a433068 --><\/em><\/p>\n<\/header>        <\/div>\n        <div class=\"wrapper row\">\n                    <div class=\"col-xs-12 col-no-gutter\">\n                <div class=\"wrapper row pl-1 pr-1\">\n    <div class=\"col-xs-12 col-no-gutter\">\n                <div class=\"tpk-faq\">\n            <a  href=\"https:\/\/oraontinyent.com\/val\/faqs\/amb-el-pagament-amb-mobil-no-es-necessari-col%c2%b7locar-el-tiquet-en-el-vehicle\/\"  class=\"tpk-faq__button\" data-id=\"306\" data-type=\"detail\">\n                                Amb el pagament amb m\u00f2bil no \u00e9s necessari col\u00b7locar el tiquet en el vehicle?\n                <span class=\"icon icon-chevron-right icon--sm\">\n                <\/span>\n            <\/a>\n        <\/div>\n                <div class=\"tpk-faq\">\n            <a  href=\"https:\/\/oraontinyent.com\/val\/faqs\/com-puc-obtindre-la-meua-autoritzacio-de-resident-si-el-vehicle-esta-al-nom-de-lempresa\/\"  class=\"tpk-faq__button\" data-id=\"303\" data-type=\"detail\">\n                                Com puc obtindre la meua autoritzaci\u00f3 de resident si el vehicle est\u00e0 al nom de l'empresa?\n                <span class=\"icon icon-chevron-right icon--sm\">\n                <\/span>\n            <\/a>\n        <\/div>\n                <div class=\"tpk-faq\">\n            <a  href=\"https:\/\/oraontinyent.com\/val\/faqs\/com-puc-obtindre-la-meua-autoritzacio-de-resident\/\"  class=\"tpk-faq__button\" data-id=\"300\" data-type=\"detail\">\n                                Com puc obtindre la meua autoritzaci\u00f3 de resident?\n                <span class=\"icon icon-chevron-right icon--sm\">\n                <\/span>\n            <\/a>\n        <\/div>\n                <div class=\"tpk-faq\">\n            <a  href=\"https:\/\/oraontinyent.com\/val\/faqs\/residisc-en-un-carrer-regulat-puc-estacionar-el-meu-vehicle-amb-les-tarifes-i-avantatges-de-residents\/\"  class=\"tpk-faq__button\" data-id=\"297\" data-type=\"detail\">\n                                Residisc en un carrer regulat, puc estacionar el meu vehicle amb les tarifes i avantatges de residents?\n                <span class=\"icon icon-chevron-right icon--sm\">\n                <\/span>\n            <\/a>\n        <\/div>\n                <div class=\"tpk-faq\">\n            <a  href=\"https:\/\/oraontinyent.com\/val\/faqs\/mhan-denunciat-havent-realitzat-el-pagament-amb-telpark-com-el-puc-solucionar\/\"  class=\"tpk-faq__button\" data-id=\"293\" data-type=\"detail\">\n                                M'han denunciat havent realitzat el pagament amb telpark, Com el puc solucionar?\n                <span class=\"icon icon-chevron-right icon--sm\">\n                <\/span>\n            <\/a>\n        <\/div>\n                <div class=\"tpk-faq\">\n            <a  href=\"https:\/\/oraontinyent.com\/val\/faqs\/he-de-pagar-en-zona-blava-si-tinc-targeta-de-mobilitat-reduida\/\"  class=\"tpk-faq__button\" data-id=\"290\" data-type=\"detail\">\n                                He de pagar en zona blava si tinc targeta de mobilitat redu\u00efda?\n                <span class=\"icon icon-chevron-right icon--sm\">\n                <\/span>\n            <\/a>\n        <\/div>\n                <div class=\"tpk-faq\">\n            <a  href=\"https:\/\/oraontinyent.com\/val\/faqs\/prop-del-meu-domicili-no-existix-cap-zona-daparcament-reservada-per-a-persones-amb-mobilitat-reduida-puc-sol%c2%b7licitar-que-posen-una\/\"  class=\"tpk-faq__button\" data-id=\"287\" data-type=\"detail\">\n                                Prop del meu domicili no existix cap zona d'aparcament reservada per a persones amb mobilitat redu\u00efda puc sol\u00b7licitar que posen una?\n                <span class=\"icon icon-chevron-right icon--sm\">\n                <\/span>\n            <\/a>\n        <\/div>\n                <div class=\"tpk-faq\">\n            <a  href=\"https:\/\/oraontinyent.com\/val\/faqs\/que-he-de-fer-amb-el-justificant-de-lanul%c2%b7lacio\/\"  class=\"tpk-faq__button\" data-id=\"284\" data-type=\"detail\">\n                                Qu\u00e8 he de fer amb el justificant de l'anul\u00b7laci\u00f3?\n                <span class=\"icon icon-chevron-right icon--sm\">\n                <\/span>\n            <\/a>\n        <\/div>\n                <div class=\"tpk-faq\">\n            <a  href=\"https:\/\/oraontinyent.com\/val\/faqs\/si-se-mha-passat-5-minuts-de-temps-quan-ve-el-controlador-em-multara\/\"  class=\"tpk-faq__button\" data-id=\"281\" data-type=\"detail\">\n                                Si se m'ha passat 5 minuts de temps quan ve el controlador, em multar\u00e0?\n                <span class=\"icon icon-chevron-right icon--sm\">\n                <\/span>\n            <\/a>\n        <\/div>\n                <div class=\"tpk-faq\">\n            <a  href=\"https:\/\/oraontinyent.com\/val\/faqs\/cada-quant-temps-passen-els-controladors\/\"  class=\"tpk-faq__button\" data-id=\"307\" data-type=\"detail\">\n                                Cada quant temps passen els controladors?\n                <span class=\"icon icon-chevron-right icon--sm\">\n                <\/span>\n            <\/a>\n        <\/div>\n                <div class=\"tpk-faq\">\n            <a  href=\"https:\/\/oraontinyent.com\/val\/faqs\/si-rebo-una-multa-en-el-meu-domicili-on-he-danar-a-pagar-reclamar\/\"  class=\"tpk-faq__button\" data-id=\"276\" data-type=\"detail\">\n                                Si rebo una multa en el meu domicili, on he d'anar a pagar\/reclamar?\n                <span class=\"icon icon-chevron-right icon--sm\">\n                <\/span>\n            <\/a>\n        <\/div>\n                <div class=\"tpk-faq\">\n            <a  href=\"https:\/\/oraontinyent.com\/val\/faqs\/el-controlador-es-un-empleat-de-lajuntament\/\"  class=\"tpk-faq__button\" data-id=\"273\" data-type=\"detail\">\n                                El controlador \u00e9s un empleat de l'ajuntament?\n                <span class=\"icon icon-chevron-right icon--sm\">\n                <\/span>\n            <\/a>\n        <\/div>\n                <div class=\"tpk-faq\">\n            <a  href=\"https:\/\/oraontinyent.com\/val\/faqs\/que-ocorre-si-trac-tiquet-despres-de-fi-de-lhorari-de-regulacio-per-exemple-despres-de-les-20-00-hores\/\"  class=\"tpk-faq__button\" data-id=\"270\" data-type=\"detail\">\n                                Qu\u00e8 ocorre si trac tiquet despr\u00e9s de fi de l'horari de regulaci\u00f3? Per exemple despr\u00e9s de les 20.00 hores?\n                <span class=\"icon icon-chevron-right icon--sm\">\n                <\/span>\n            <\/a>\n        <\/div>\n                <div class=\"tpk-faq\">\n            <a  href=\"https:\/\/oraontinyent.com\/val\/faqs\/com-puc-deduir-me-per-este-concepte\/\"  class=\"tpk-faq__button\" data-id=\"267\" data-type=\"detail\">\n                                Com puc deduir-me per este concepte?\n                <span class=\"icon icon-chevron-right icon--sm\">\n                <\/span>\n            <\/a>\n        <\/div>\n                <div class=\"tpk-faq\">\n            <a  href=\"https:\/\/oraontinyent.com\/val\/faqs\/com-puc-justificar-davant-la-meua-empresa-esta-despesa\/\"  class=\"tpk-faq__button\" data-id=\"264\" data-type=\"detail\">\n                                Com puc justificar davant la meua empresa esta despesa?\n                <span class=\"icon icon-chevron-right icon--sm\">\n                <\/span>\n            <\/a>\n        <\/div>\n                <div class=\"tpk-faq\">\n            <a  href=\"https:\/\/oraontinyent.com\/val\/faqs\/quines-son-les-tarifes-per-anul%c2%b7lacions\/\"  class=\"tpk-faq__button\" data-id=\"261\" data-type=\"detail\">\n                                Quines s\u00f3n les tarifes per anul\u00b7lacions?\n                <span class=\"icon icon-chevron-right icon--sm\">\n                <\/span>\n            <\/a>\n        <\/div>\n                <div class=\"tpk-faq\">\n            <a  href=\"https:\/\/oraontinyent.com\/val\/faqs\/quant-temps-tinc-per-a-anul%c2%b7lar-la-denuncia\/\"  class=\"tpk-faq__button\" data-id=\"258\" data-type=\"detail\">\n                                Quant temps tinc per a anul\u00b7lar la den\u00fancia?\n                <span class=\"icon icon-chevron-right icon--sm\">\n                <\/span>\n            <\/a>\n        <\/div>\n                <div class=\"tpk-faq\">\n            <a  href=\"https:\/\/oraontinyent.com\/val\/faqs\/on-trobe-informacio-dontinyent-en-la-web-de-dornier\/\"  class=\"tpk-faq__button\" data-id=\"255\" data-type=\"detail\">\n                                On trobe informaci\u00f3 d'Ontinyent en la web de Dornier?\n                <span class=\"icon icon-chevron-right icon--sm\">\n                <\/span>\n            <\/a>\n        <\/div>\n                <div class=\"tpk-faq\">\n            <a  href=\"https:\/\/oraontinyent.com\/val\/faqs\/que-es-el-pagament-per-mobilt-telpark\/\"  class=\"tpk-faq__button\" data-id=\"249\" data-type=\"detail\">\n                                Qu\u00e8 \u00e9s el pagament per m\u00f2bilt telpark?\n                <span class=\"icon icon-chevron-right icon--sm\">\n                <\/span>\n            <\/a>\n        <\/div>\n                <div class=\"tpk-faq\">\n            <a  href=\"https:\/\/oraontinyent.com\/val\/faqs\/existix-alguna-altra-forma-de-pagament-que-no-siga-en-metal%c2%b7lic-per-a-abonar-lestacionament-en-la-zona-blava\/\"  class=\"tpk-faq__button\" data-id=\"247\" data-type=\"detail\">\n                                Existix alguna altra forma de pagament que no siga en met\u00e0l\u00b7lic per a abonar l'estacionament en la zona blava?\n                <span class=\"icon icon-chevron-right icon--sm\">\n                <\/span>\n            <\/a>\n        <\/div>\n            <\/div>\n<\/div>            <\/div>\n            <\/div>\n    <\/section>\n\n\n\n<section\n        class=\"tpk-banner-cta tpk-banner-cta--background   \"\n        style=\" --bg-picture: url('https:\/\/oraontinyent.com\/wp-content\/uploads\/sites\/33\/2024\/07\/Banner-2110x766-1.webp'); \">\n    <div class=\"tpk-banner-cta__content row wrapper middle-xs \">\n                                <div class=\"col-xs-12 col-md-6 tpk-banner-cta__content__text  \">\n                                                <header class=\"tpk-head  wrapper\">\n    <p class=\"tpk-head__caption\">Consulta las zonas de estacionamiento regulado<\/p>    <h2 class=\"tpk-head__title\">Plano General Ontinyent<\/h2>    <\/header>                                    <div class=\"tpk-banner-cta__buttons\">\n                                                                                <a  class=\"tpk-button tpk-button--primary tpk-button--lg \" href=\"https:\/\/oraontinyent.com\/planos\/\"    target=\"_blank\" >\n    <span>Ver <\/span>\n    <\/a>                                            <\/div>\n                            <\/div>\n        <\/div>\n<\/section>\n\n\n<section\n        class=\"tpk-banner-cta tpk-banner-cta--background   \"\n        style=\"\">\n    <div class=\"tpk-banner-cta__content row wrapper middle-xs \">\n                <div class=\"col-xs-12 col-sm-6 tpk-banner-cta__content__picture\">\n                                                        <picture >\n\n                    <source srcset=\"https:\/\/oraontinyent.com\/wp-content\/uploads\/sites\/33\/2025\/09\/mockup-web-623x800-1-375x500.png\" media=\"((min-width: 0rem) and (max-width: 30rem))\">\n                             <source srcset=\"https:\/\/oraontinyent.com\/wp-content\/uploads\/sites\/33\/2025\/09\/mockup-web-623x800-1-520x520.png\" media=\"(min-width: 30rem) and (max-width: 64rem)\" >\n                            <source srcset=\"https:\/\/oraontinyent.com\/wp-content\/uploads\/sites\/33\/2025\/09\/mockup-web-623x800-1.png\" media=\"(min-width: 64rem)\" >\n        \n        \n                                                                                                        \n        <img src=\"https:\/\/oraontinyent.com\/wp-content\/uploads\/sites\/33\/2025\/09\/mockup-web-623x800-1.png\" alt=\"\"  width=\"623\" height=\"800\"  loading=\"lazy\" >\n    <\/picture>\n\n        <\/div>\n        <div class=\"col-xs-12 col-sm-6 tpk-banner-cta__content__text  align-left \">\n                                                        <header class=\"tpk-head  wrapper\">\n    <p class=\"tpk-head__caption\">Consulta<\/p>    <h2 class=\"tpk-head__title\">Horarios y tarifas<\/h2>    <ul>\n<li>Lunes a viernes de 9:00\u00a0a 13:30 y de 16:30 a 20:00.<\/li>\n<li>S\u00e1bados de 9:00\u00a0a 13:30<\/li>\n<li>Domingos y fiestas nacionales, auton\u00f3micas y locales ser\u00e1n libres de pago<\/li>\n<\/ul>\n<p><!-- notionvc: b3f02821-d06a-44bb-b72e-e5780ff2617c --><\/p>\n<\/header>                                    <div class=\"tpk-banner-cta__buttons\">\n                                                                                <a  class=\"tpk-button tpk-button--primary tpk-button--lg \" href=\"https:\/\/oraontinyent.com\/horarios-y-tarifas\/\"    >\n    <span>Ver tarifas<\/span>\n    <\/a>                                            <\/div>\n                            <\/div>\n        <\/div>\n<\/section>\n\n\n<section class=\"tpk-banner-app \">\n    <div class=\"row wrapper middle-xs\">\n        <div class=\"col-xs-12 col-sm-6 col-no-gutter tpk-banner-app__picture\">\n                                                <picture class=\"hide-xs show-sm\">\n\n                             <source srcset=\"https:\/\/oraontinyent.com\/wp-content\/uploads\/sites\/33\/2024\/07\/Web-bloque-ORA-488x534.webp\" media=\"(min-width: 30rem) and (max-width: 64rem)\" >\n                            <source srcset=\"https:\/\/oraontinyent.com\/wp-content\/uploads\/sites\/33\/2024\/07\/Web-bloque-ORA.webp\" media=\"(min-width: 64rem)\" >\n        \n        \n                                                                                                        \n        <img src=\"https:\/\/oraontinyent.com\/wp-content\/uploads\/sites\/33\/2024\/07\/Web-bloque-ORA.webp\" alt=\"\"  width=\"600\" height=\"600\"  loading=\"lazy\" >\n    <\/picture>\n\n                                <\/div>\n        <div class=\"col-xs-12 col-sm-6 tpk-banner-app__content\">\n                        <header class=\"tpk-head  wrapper\">\n    <p class=\"tpk-head__caption\">Aparca y sigue<\/p>    <h2 class=\"tpk-head__title\">Escanea el c\u00f3digo con tu m\u00f3vil para descargar la app<\/h2>    <\/header>\n                        <div class=\"tpk-banner-app__buttons\">\n                            <\/div>\n        <\/div>\n    <\/div>\n<\/section>\n","protected":false},"excerpt":{"rendered":"","protected":false},"author":8,"featured_media":0,"parent":0,"menu_order":0,"comment_status":"closed","ping_status":"closed","template":"","meta":[],"yoast_head":"<!-- This site is optimized with the Yoast SEO plugin v20.12 - https:\/\/yoast.com\/wordpress\/plugins\/seo\/ -->\n<title>Preguntes freq\u00fcents - Ontinyent<\/title>\n<meta name=\"robots\" content=\"index, follow, max-snippet:-1, max-image-preview:large, max-video-preview:-1\" \/>\n<link rel=\"canonical\" href=\"https:\/\/oraontinyent.com\/val\/faqs\/\" \/>\n<meta property=\"og:locale\" content=\"en_US\" \/>\n<meta property=\"og:type\" content=\"article\" \/>\n<meta property=\"og:title\" content=\"Preguntes freq\u00fcents - Ontinyent\" \/>\n<meta property=\"og:url\" content=\"https:\/\/oraontinyent.com\/val\/faqs\/\" \/>\n<meta property=\"og:site_name\" content=\"Ontinyent\" \/>\n<meta property=\"article:modified_time\" content=\"2024-07-12T15:15:50+00:00\" \/>\n<meta name=\"twitter:card\" content=\"summary_large_image\" \/>\n<script type=\"application\/ld+json\" class=\"yoast-schema-graph\">{\"@context\":\"https:\/\/schema.org\",\"@graph\":[{\"@type\":\"WebPage\",\"@id\":\"https:\/\/oraontinyent.com\/val\/faqs\/\",\"url\":\"https:\/\/oraontinyent.com\/val\/faqs\/\",\"name\":\"Preguntes freq\u00fcents - Ontinyent\",\"isPartOf\":{\"@id\":\"https:\/\/oraontinyent.com\/val\/#website\"},\"datePublished\":\"2024-07-02T08:23:55+00:00\",\"dateModified\":\"2024-07-12T15:15:50+00:00\",\"breadcrumb\":{\"@id\":\"https:\/\/oraontinyent.com\/val\/faqs\/#breadcrumb\"},\"inLanguage\":\"ca-VAL\",\"potentialAction\":[{\"@type\":\"ReadAction\",\"target\":[\"https:\/\/oraontinyent.com\/val\/faqs\/\"]}]},{\"@type\":\"BreadcrumbList\",\"@id\":\"https:\/\/oraontinyent.com\/val\/faqs\/#breadcrumb\",\"itemListElement\":[{\"@type\":\"ListItem\",\"position\":1,\"name\":\"Home\",\"item\":\"https:\/\/oraontinyent.com\/val\/\"},{\"@type\":\"ListItem\",\"position\":2,\"name\":\"Preguntes freq\u00fcents\"}]},{\"@type\":\"WebSite\",\"@id\":\"https:\/\/oraontinyent.com\/val\/#website\",\"url\":\"https:\/\/oraontinyent.com\/val\/\",\"name\":\"Ontinyent\",\"description\":\"\",\"publisher\":{\"@id\":\"https:\/\/oraontinyent.com\/val\/#organization\"},\"potentialAction\":[{\"@type\":\"SearchAction\",\"target\":{\"@type\":\"EntryPoint\",\"urlTemplate\":\"https:\/\/oraontinyent.com\/val\/?s={search_term_string}\"},\"query-input\":\"required name=search_term_string\"}],\"inLanguage\":\"ca-VAL\"},{\"@type\":\"Organization\",\"@id\":\"https:\/\/oraontinyent.com\/val\/#organization\",\"name\":\"Ontinyent\",\"url\":\"https:\/\/oraontinyent.com\/val\/\",\"logo\":{\"@type\":\"ImageObject\",\"inLanguage\":\"ca-VAL\",\"@id\":\"https:\/\/oraontinyent.com\/val\/#\/schema\/logo\/image\/\",\"url\":\"https:\/\/oraontinyent.com\/wp-content\/uploads\/sites\/33\/2024\/07\/Logo_Ontinyent-2.png\",\"contentUrl\":\"https:\/\/oraontinyent.com\/wp-content\/uploads\/sites\/33\/2024\/07\/Logo_Ontinyent-2.png\",\"width\":220,\"height\":120,\"caption\":\"Ontinyent\"},\"image\":{\"@id\":\"https:\/\/oraontinyent.com\/val\/#\/schema\/logo\/image\/\"}}]}<\/script>\n<!-- \/ Yoast SEO plugin. -->","yoast_head_json":{"title":"Preguntes freq\u00fcents - Ontinyent","robots":{"index":"index","follow":"follow","max-snippet":"max-snippet:-1","max-image-preview":"max-image-preview:large","max-video-preview":"max-video-preview:-1"},"canonical":"https:\/\/oraontinyent.com\/val\/faqs\/","og_locale":"en_US","og_type":"article","og_title":"Preguntes freq\u00fcents - Ontinyent","og_url":"https:\/\/oraontinyent.com\/val\/faqs\/","og_site_name":"Ontinyent","article_modified_time":"2024-07-12T15:15:50+00:00","twitter_card":"summary_large_image","schema":{"@context":"https:\/\/schema.org","@graph":[{"@type":"WebPage","@id":"https:\/\/oraontinyent.com\/val\/faqs\/","url":"https:\/\/oraontinyent.com\/val\/faqs\/","name":"Preguntes freq\u00fcents - Ontinyent","isPartOf":{"@id":"https:\/\/oraontinyent.com\/val\/#website"},"datePublished":"2024-07-02T08:23:55+00:00","dateModified":"2024-07-12T15:15:50+00:00","breadcrumb":{"@id":"https:\/\/oraontinyent.com\/val\/faqs\/#breadcrumb"},"inLanguage":"ca-VAL","potentialAction":[{"@type":"ReadAction","target":["https:\/\/oraontinyent.com\/val\/faqs\/"]}]},{"@type":"BreadcrumbList","@id":"https:\/\/oraontinyent.com\/val\/faqs\/#breadcrumb","itemListElement":[{"@type":"ListItem","position":1,"name":"Home","item":"https:\/\/oraontinyent.com\/val\/"},{"@type":"ListItem","position":2,"name":"Preguntes freq\u00fcents"}]},{"@type":"WebSite","@id":"https:\/\/oraontinyent.com\/val\/#website","url":"https:\/\/oraontinyent.com\/val\/","name":"Ontinyent","description":"","publisher":{"@id":"https:\/\/oraontinyent.com\/val\/#organization"},"potentialAction":[{"@type":"SearchAction","target":{"@type":"EntryPoint","urlTemplate":"https:\/\/oraontinyent.com\/val\/?s={search_term_string}"},"query-input":"required name=search_term_string"}],"inLanguage":"ca-VAL"},{"@type":"Organization","@id":"https:\/\/oraontinyent.com\/val\/#organization","name":"Ontinyent","url":"https:\/\/oraontinyent.com\/val\/","logo":{"@type":"ImageObject","inLanguage":"ca-VAL","@id":"https:\/\/oraontinyent.com\/val\/#\/schema\/logo\/image\/","url":"https:\/\/oraontinyent.com\/wp-content\/uploads\/sites\/33\/2024\/07\/Logo_Ontinyent-2.png","contentUrl":"https:\/\/oraontinyent.com\/wp-content\/uploads\/sites\/33\/2024\/07\/Logo_Ontinyent-2.png","width":220,"height":120,"caption":"Ontinyent"},"image":{"@id":"https:\/\/oraontinyent.com\/val\/#\/schema\/logo\/image\/"}}]}},"meta_box":[],"_links":{"self":[{"href":"https:\/\/oraontinyent.com\/val\/wp-json\/wp\/v2\/pages\/217"}],"collection":[{"href":"https:\/\/oraontinyent.com\/val\/wp-json\/wp\/v2\/pages"}],"about":[{"href":"https:\/\/oraontinyent.com\/val\/wp-json\/wp\/v2\/types\/page"}],"author":[{"embeddable":true,"href":"https:\/\/oraontinyent.com\/val\/wp-json\/wp\/v2\/users\/8"}],"replies":[{"embeddable":true,"href":"https:\/\/oraontinyent.com\/val\/wp-json\/wp\/v2\/comments?post=217"}],"version-history":[{"count":2,"href":"https:\/\/oraontinyent.com\/val\/wp-json\/wp\/v2\/pages\/217\/revisions"}],"predecessor-version":[{"id":331,"href":"https:\/\/oraontinyent.com\/val\/wp-json\/wp\/v2\/pages\/217\/revisions\/331"}],"wp:attachment":[{"href":"https:\/\/oraontinyent.com\/val\/wp-json\/wp\/v2\/media?parent=217"}],"curies":[{"name":"wp","href":"https:\/\/api.w.org\/{rel}","templated":true}]}}