{"id":209,"date":"2024-07-02T08:23:35","date_gmt":"2024-07-02T08:23:35","guid":{"rendered":"https:\/\/oraontinyent.com\/aviso-legal\/"},"modified":"2024-07-12T14:13:31","modified_gmt":"2024-07-12T14:13:31","slug":"aviso-legal","status":"publish","type":"page","link":"https:\/\/oraontinyent.com\/val\/aviso-legal\/","title":{"rendered":"Aviso legal"},"content":{"rendered":"\n<p><strong>DADES D'IDENTIFICACI\u00d3<\/strong><\/p>\n\n\n\n<p>Vost\u00e9 est\u00e0 visitant la p\u00e0gina Web <a href=\"http:\/\/+\">www.oraontinyent.com<\/a> titularitat de Dornier, empresa del Grup Empark que centralitza l'activitat d'aparcaments regulats en superf\u00edcie.<\/p>\n\n\n\n<p>En compliment del que s'estableix en la Llei 34\/2002 d'11 de Juliol, de Serveis de la Societat de La Informaci\u00f3 i el Comer\u00e7 Electr\u00f2nic (LSSICE), s'informa dels seg\u00fcents aspectes legals:<\/p>\n\n\n\n<ul><li>Responsable de la web: <strong>DORNIER S. A.<\/strong><\/li><li>C.I.F. A5869497<\/li><li>Domicili Social: Av. del General Per\u00f3n 36, 1\u00aa planta, 28020 Madrid<\/li><li>E-mail de Contacte: <a href=\"mailto:oraontinyent@telpark.com\">oraontinyent@telpark.com<\/a><\/li><li>Tel\u00e8fon: (34) 915468900<\/li><li>Dades Registrals: Inscrita en el Registre Mercantil de Madrid, Tom 3.892, Secci\u00f3 8\u00aa, Folio 53, Fulla n\u00famero M-65.265, Inscripci\u00f3 3\u00aa<\/li><\/ul>\n\n\n\n<p><strong>CONDICIONS GENERALS D'\u00daS DE LA P\u00c0GINA<\/strong><\/p>\n\n\n\n<p><strong>1.-Consideracions Pr\u00e8vies<\/strong><\/p>\n\n\n\n<p>Les presents condicions legals regulen l'\u00fas legal perm\u00e9s d'esta p\u00e0gina web, el responsable legal de la qual \u00e9s Dornier S. A. Estes condicions generals regulen l'acc\u00e9s i utilitzaci\u00f3 que el propietari de la web posa gratu\u00eftament a disposici\u00f3 dels usuaris d'Internet. L'acc\u00e9s a la mateixa implica la seua acceptaci\u00f3 sense reserves. La utilitzaci\u00f3 de l'\u00e0rea d'usuaris o l'adquisici\u00f3 de productes o servicis es regiran, a m\u00e9s, per les condicions particulars previstes en cada cas, les quals s'entendran acceptades pel mer \u00fas de tals servicis.<\/p>\n\n\n\n<p>A l'efecte del compliment de la Llei 34\/2002, d'11 de juliol, de servicis de la societat de la informaci\u00f3 i de comer\u00e7 electr\u00f2nic, d'ara endavant LSSI, i el Reglament (UE) 2016\/679 del Parlament Europeu i del Consell, de 27 d'abril de 2016, relatiu a la protecci\u00f3 de les persones f\u00edsiques pel que fa al tractament de dades personals i a la lliure circulaci\u00f3 d'estes dades i pel qual es deroga la Directiva 95\/46\/CE (Reglament general de protecci\u00f3 de dades), el propietari del domini referenciat, li informa que la finalitat de la P\u00e0gina Web \u00e9s publicit\u00e0ria i informativa; aix\u00ed mateix, s'oferix la possibilitat de contactar o sol\u00b7licitar informaci\u00f3 m\u00e9s detallada dels servicis de l'empresa.<\/p>\n\n\n\n<p><strong>2.-Propietat Intel\u00b7lectual i Industrial<\/strong><\/p>\n\n\n\n<p>Els textos, imatges, logos, signes distintius, sons, animacions, v\u00eddeos, codi font i resta de continguts inclosos en este website s\u00f3n propietat de Dornier S. A., o disposa en el seu cas, del dret d'\u00fas dels mateixos, i en tal sentit s'erigixen com a obres protegides per la legislaci\u00f3 de propietat intel\u00b7lectual i industrial vigents. Qualsevol transmissi\u00f3, distribuci\u00f3, reproducci\u00f3 o emmagatzematge, total o parcial, dels continguts emmagatzemats en esta web, queda expressament prohibit excepte previ i expr\u00e9s consentiment del titular. No obstant aix\u00f2, els usuaris podran dur a terme la reproducci\u00f3 o emmagatzematge dels continguts del website per al seu exclusiu \u00fas personal, quedant expressa i terminantment prohibida la reproducci\u00f3 d'elements o continguts d'este website, realitzats amb \u00e0nim de lucre o fins comercials.<\/p>\n\n\n\n<p><strong>3.- Condicions d'Acc\u00e9s<\/strong><\/p>\n\n\n\n<p>Dornier S. A., es reserva la facultat d'efectuar, en qualsevol moment i sense necessitat de previ av\u00eds, modificacions i actualitzacions de la informaci\u00f3 continguda en la Web, de la configuraci\u00f3 i presentaci\u00f3 d'esta, de les condicions d'acc\u00e9s, condicions de contractaci\u00f3. etc. L'empresa responsable de la web no garantix la inexist\u00e8ncia d'interrupcions o errors en l'acc\u00e9s a la p\u00e0gina o al seu contingut, ni que esta es trobe actualitzada o lliure de virus ni de qualsevol altre element en la qual puguen produir alteracions en el seu sistema inform\u00e0tic. Dornier S. A. declina qualsevol responsabilitat contractual o extracontractual amb la persona o empresa que fa\u00e7a \u00fas d'ella i tinguera perjudicis de qualsevol naturalesa ocasionats per virus inform\u00e0tics o per elements inform\u00e0tics de qualsevol \u00edndole. El titular de la web no respondr\u00e0 de cap conseq\u00fc\u00e8ncia, dany o perjudici que pogueren derivar-se de l'\u00fas sense consentiment de la informaci\u00f3 continguda en la mateixa o dels derivats dels servicis i opinions efectuats per tercers.<\/p>\n\n\n\n<p><strong>4.- Responsabilitat per Links<\/strong><\/p>\n\n\n\n<p>L'empresa responsable de la p\u00e0gina web, declina qualsevol responsabilitat pels servicis i\/o informaci\u00f3 que es preste en altres p\u00e0gines enlla\u00e7ades amb esta Web. Dornier S. A. no controla ni exercix cap tipus de supervisi\u00f3 quan inclou l'enlla\u00e7 a les mateixes, amb la creen\u00e7a que estos continguts acaten la legislaci\u00f3 aplicable. No obstant aix\u00f2, la utilitzaci\u00f3 d'Enlla\u00e7os a altres p\u00e0gines no suposa de cap manera responsabilitzaci\u00f3 ni apropiaci\u00f3 del contingut de les mateixes, sense que es puga entendre que es produ\u00efx cap labor de supervisi\u00f3 ni aprovaci\u00f3 dels canvis o informacions que es realitzen en elles. Aconsellem als visitants de les mateixes actuar amb prud\u00e8ncia i consultar les eventuals condicions legals que s'exposen en dites webs. Dornier S. A. no respon ni es fa c\u00e0rrec de cap tipus de responsabilitat pels danys i perjudicis que puguen relacionar-se amb el funcionament, disponibilitat i continu\u00eftat dels llocs enlla\u00e7ats.<\/p>\n\n\n\n<p><strong>5.-Llei aplicable i jurisdicci\u00f3<\/strong><\/p>\n\n\n\n<p>El present Av\u00eds Legal es regir\u00e0 per la legislaci\u00f3 espanyola.<\/p>\n\n\n\n<p>Tant els usuaris com Dornier S.A., estan d'acord en qu\u00e8 per a qualsevol discrep\u00e0ncia que puga sorgir quant a la interpretaci\u00f3, compliment i\/o execuci\u00f3 de les presents normes se sotmetran expressament als Jutjats i Tribunals competents de Madrid capital, amb ren\u00fancia expressa a qualsevol altre fur que poguera correspondre'ls.<\/p>\n","protected":false},"excerpt":{"rendered":"<p>DADES D'IDENTIFICACI\u00d3 Vost\u00e9 est\u00e0 visitant la p\u00e0gina Web www.oraontinyent.com titularitat de Dornier, empresa del Grup Empark que centralitza l'activitat d'aparcaments regulats en superf\u00edcie. En compliment del que s'estableix en la Llei 34\/2002 d'11 de Juliol, de Serveis de la Societat de La Informaci\u00f3 i el Comer\u00e7 Electr\u00f2nic (LSSICE), s'informa dels seg\u00fcents aspectes legals: Responsable de [&hellip;]<\/p>\n","protected":false},"author":8,"featured_media":0,"parent":0,"menu_order":0,"comment_status":"closed","ping_status":"closed","template":"","meta":[],"yoast_head":"<!-- This site is optimized with the Yoast SEO plugin v20.12 - https:\/\/yoast.com\/wordpress\/plugins\/seo\/ -->\n<title>Aviso legal - Ontinyent<\/title>\n<meta name=\"robots\" content=\"index, follow, max-snippet:-1, max-image-preview:large, max-video-preview:-1\" \/>\n<link rel=\"canonical\" href=\"https:\/\/oraontinyent.com\/val\/aviso-legal\/\" \/>\n<meta property=\"og:locale\" content=\"en_US\" \/>\n<meta property=\"og:type\" content=\"article\" \/>\n<meta property=\"og:title\" content=\"Aviso legal - Ontinyent\" \/>\n<meta property=\"og:description\" content=\"DADES D&#039;IDENTIFICACI\u00d3 Vost\u00e9 est\u00e0 visitant la p\u00e0gina Web www.oraontinyent.com titularitat de Dornier, empresa del Grup Empark que centralitza l&#039;activitat d&#039;aparcaments regulats en superf\u00edcie. En compliment del que s&#039;estableix en la Llei 34\/2002 d&#039;11 de Juliol, de Serveis de la Societat de La Informaci\u00f3 i el Comer\u00e7 Electr\u00f2nic (LSSICE), s&#039;informa dels seg\u00fcents aspectes legals: Responsable de [&hellip;]\" \/>\n<meta property=\"og:url\" content=\"https:\/\/oraontinyent.com\/val\/aviso-legal\/\" \/>\n<meta property=\"og:site_name\" content=\"Ontinyent\" \/>\n<meta property=\"article:modified_time\" content=\"2024-07-12T14:13:31+00:00\" \/>\n<meta name=\"twitter:card\" content=\"summary_large_image\" \/>\n<meta name=\"twitter:label1\" content=\"Est. reading time\" \/>\n\t<meta name=\"twitter:data1\" content=\"4 minutes\" \/>\n<script type=\"application\/ld+json\" class=\"yoast-schema-graph\">{\"@context\":\"https:\/\/schema.org\",\"@graph\":[{\"@type\":\"WebPage\",\"@id\":\"https:\/\/oraontinyent.com\/val\/aviso-legal\/\",\"url\":\"https:\/\/oraontinyent.com\/val\/aviso-legal\/\",\"name\":\"Aviso legal - Ontinyent\",\"isPartOf\":{\"@id\":\"https:\/\/oraontinyent.com\/val\/#website\"},\"datePublished\":\"2024-07-02T08:23:35+00:00\",\"dateModified\":\"2024-07-12T14:13:31+00:00\",\"breadcrumb\":{\"@id\":\"https:\/\/oraontinyent.com\/val\/aviso-legal\/#breadcrumb\"},\"inLanguage\":\"ca-VAL\",\"potentialAction\":[{\"@type\":\"ReadAction\",\"target\":[\"https:\/\/oraontinyent.com\/val\/aviso-legal\/\"]}]},{\"@type\":\"BreadcrumbList\",\"@id\":\"https:\/\/oraontinyent.com\/val\/aviso-legal\/#breadcrumb\",\"itemListElement\":[{\"@type\":\"ListItem\",\"position\":1,\"name\":\"Home\",\"item\":\"https:\/\/oraontinyent.com\/val\/\"},{\"@type\":\"ListItem\",\"position\":2,\"name\":\"Aviso legal\"}]},{\"@type\":\"WebSite\",\"@id\":\"https:\/\/oraontinyent.com\/val\/#website\",\"url\":\"https:\/\/oraontinyent.com\/val\/\",\"name\":\"Ontinyent\",\"description\":\"\",\"publisher\":{\"@id\":\"https:\/\/oraontinyent.com\/val\/#organization\"},\"potentialAction\":[{\"@type\":\"SearchAction\",\"target\":{\"@type\":\"EntryPoint\",\"urlTemplate\":\"https:\/\/oraontinyent.com\/val\/?s={search_term_string}\"},\"query-input\":\"required name=search_term_string\"}],\"inLanguage\":\"ca-VAL\"},{\"@type\":\"Organization\",\"@id\":\"https:\/\/oraontinyent.com\/val\/#organization\",\"name\":\"Ontinyent\",\"url\":\"https:\/\/oraontinyent.com\/val\/\",\"logo\":{\"@type\":\"ImageObject\",\"inLanguage\":\"ca-VAL\",\"@id\":\"https:\/\/oraontinyent.com\/val\/#\/schema\/logo\/image\/\",\"url\":\"https:\/\/oraontinyent.com\/wp-content\/uploads\/sites\/33\/2024\/07\/Logo_Ontinyent-2.png\",\"contentUrl\":\"https:\/\/oraontinyent.com\/wp-content\/uploads\/sites\/33\/2024\/07\/Logo_Ontinyent-2.png\",\"width\":220,\"height\":120,\"caption\":\"Ontinyent\"},\"image\":{\"@id\":\"https:\/\/oraontinyent.com\/val\/#\/schema\/logo\/image\/\"}}]}<\/script>\n<!-- \/ Yoast SEO plugin. -->","yoast_head_json":{"title":"Aviso legal - Ontinyent","robots":{"index":"index","follow":"follow","max-snippet":"max-snippet:-1","max-image-preview":"max-image-preview:large","max-video-preview":"max-video-preview:-1"},"canonical":"https:\/\/oraontinyent.com\/val\/aviso-legal\/","og_locale":"en_US","og_type":"article","og_title":"Aviso legal - Ontinyent","og_description":"DADES D'IDENTIFICACI\u00d3 Vost\u00e9 est\u00e0 visitant la p\u00e0gina Web www.oraontinyent.com titularitat de Dornier, empresa del Grup Empark que centralitza l'activitat d'aparcaments regulats en superf\u00edcie. En compliment del que s'estableix en la Llei 34\/2002 d'11 de Juliol, de Serveis de la Societat de La Informaci\u00f3 i el Comer\u00e7 Electr\u00f2nic (LSSICE), s'informa dels seg\u00fcents aspectes legals: Responsable de [&hellip;]","og_url":"https:\/\/oraontinyent.com\/val\/aviso-legal\/","og_site_name":"Ontinyent","article_modified_time":"2024-07-12T14:13:31+00:00","twitter_card":"summary_large_image","twitter_misc":{"Est. reading time":"4 minutes"},"schema":{"@context":"https:\/\/schema.org","@graph":[{"@type":"WebPage","@id":"https:\/\/oraontinyent.com\/val\/aviso-legal\/","url":"https:\/\/oraontinyent.com\/val\/aviso-legal\/","name":"Aviso legal - Ontinyent","isPartOf":{"@id":"https:\/\/oraontinyent.com\/val\/#website"},"datePublished":"2024-07-02T08:23:35+00:00","dateModified":"2024-07-12T14:13:31+00:00","breadcrumb":{"@id":"https:\/\/oraontinyent.com\/val\/aviso-legal\/#breadcrumb"},"inLanguage":"ca-VAL","potentialAction":[{"@type":"ReadAction","target":["https:\/\/oraontinyent.com\/val\/aviso-legal\/"]}]},{"@type":"BreadcrumbList","@id":"https:\/\/oraontinyent.com\/val\/aviso-legal\/#breadcrumb","itemListElement":[{"@type":"ListItem","position":1,"name":"Home","item":"https:\/\/oraontinyent.com\/val\/"},{"@type":"ListItem","position":2,"name":"Aviso legal"}]},{"@type":"WebSite","@id":"https:\/\/oraontinyent.com\/val\/#website","url":"https:\/\/oraontinyent.com\/val\/","name":"Ontinyent","description":"","publisher":{"@id":"https:\/\/oraontinyent.com\/val\/#organization"},"potentialAction":[{"@type":"SearchAction","target":{"@type":"EntryPoint","urlTemplate":"https:\/\/oraontinyent.com\/val\/?s={search_term_string}"},"query-input":"required name=search_term_string"}],"inLanguage":"ca-VAL"},{"@type":"Organization","@id":"https:\/\/oraontinyent.com\/val\/#organization","name":"Ontinyent","url":"https:\/\/oraontinyent.com\/val\/","logo":{"@type":"ImageObject","inLanguage":"ca-VAL","@id":"https:\/\/oraontinyent.com\/val\/#\/schema\/logo\/image\/","url":"https:\/\/oraontinyent.com\/wp-content\/uploads\/sites\/33\/2024\/07\/Logo_Ontinyent-2.png","contentUrl":"https:\/\/oraontinyent.com\/wp-content\/uploads\/sites\/33\/2024\/07\/Logo_Ontinyent-2.png","width":220,"height":120,"caption":"Ontinyent"},"image":{"@id":"https:\/\/oraontinyent.com\/val\/#\/schema\/logo\/image\/"}}]}},"meta_box":[],"_links":{"self":[{"href":"https:\/\/oraontinyent.com\/val\/wp-json\/wp\/v2\/pages\/209"}],"collection":[{"href":"https:\/\/oraontinyent.com\/val\/wp-json\/wp\/v2\/pages"}],"about":[{"href":"https:\/\/oraontinyent.com\/val\/wp-json\/wp\/v2\/types\/page"}],"author":[{"embeddable":true,"href":"https:\/\/oraontinyent.com\/val\/wp-json\/wp\/v2\/users\/8"}],"replies":[{"embeddable":true,"href":"https:\/\/oraontinyent.com\/val\/wp-json\/wp\/v2\/comments?post=209"}],"version-history":[{"count":2,"href":"https:\/\/oraontinyent.com\/val\/wp-json\/wp\/v2\/pages\/209\/revisions"}],"predecessor-version":[{"id":212,"href":"https:\/\/oraontinyent.com\/val\/wp-json\/wp\/v2\/pages\/209\/revisions\/212"}],"wp:attachment":[{"href":"https:\/\/oraontinyent.com\/val\/wp-json\/wp\/v2\/media?parent=209"}],"curies":[{"name":"wp","href":"https:\/\/api.w.org\/{rel}","templated":true}]}}