{"id":166,"date":"2024-07-02T08:24:20","date_gmt":"2024-07-02T08:24:20","guid":{"rendered":"https:\/\/oraontinyent.com\/horarios-y-tarifas\/"},"modified":"2024-07-12T12:49:48","modified_gmt":"2024-07-12T12:49:48","slug":"horarios-y-tarifas","status":"publish","type":"page","link":"https:\/\/oraontinyent.com\/val\/horarios-y-tarifas\/","title":{"rendered":"Horaris i tarifes"},"content":{"rendered":"\n<section class=\"tpk-hero tpk-hero--products                lower\"\n         style=\"\">\n                        <picture >\n\n                    <source srcset=\"https:\/\/oraontinyent.com\/wp-content\/uploads\/sites\/33\/2024\/07\/Barakaldo-Schedule-Rates-480x300.webp\" media=\"((min-width: 0rem) and (max-width: 30rem))\">\n                             <source srcset=\"https:\/\/oraontinyent.com\/wp-content\/uploads\/sites\/33\/2024\/07\/Barakaldo-Schedule-Rates-1024x300.webp\" media=\"(min-width: 30rem) and (max-width: 64rem)\" >\n                            <source srcset=\"https:\/\/oraontinyent.com\/wp-content\/uploads\/sites\/33\/2024\/07\/Barakaldo-Schedule-Rates.webp\" media=\"(min-width: 64rem)\" >\n        \n        \n                                                                                                        \n        <img src=\"https:\/\/oraontinyent.com\/wp-content\/uploads\/sites\/33\/2024\/07\/Barakaldo-Schedule-Rates.webp\" alt=\"\"  width=\"1140\" height=\"300\"  loading=\"eager\">\n    <\/picture>\n\n    \n        <div class=\"tpk-hero__content wrapper row\">\n                    <div class=\"col-xs-12 col-sm-12 pr-h pl-h\">\n                                <header class=\"tpk-head  wrapper\">\n        <h1 class=\"tpk-head__title\">Horaris i tarifes<\/h1>    <\/header>\n            \n                    <\/div>\n    <\/div>\n            <div class=\"tpk-hero__cards row wrapper\">\n                                                                                        <div class=\"col-xs-12 col-sm-12 col-md-4 mb-1 pl-h pr-h\">\n                                                                    <\/div>\n                    <\/div>\n    <\/section>\n<div class=\"tpk-spinner__wrapper\">\n    <div class=\"tpk-spinner\"><\/div>\n<\/div>\n\n<article class=\"tpk-page\">\n    <div class=\"row wrapper center-xs tpk-page__content\">\n        <div class=\"col-xs-12 col-sm-10 col-md-8 pt-4 pb-4\">\n            <h2><strong>Horari Regulaci\u00f3 Zona Blava<\/strong><\/h2>\n<p>L'horari general de regulaci\u00f3 \u00e9s:<\/p>\n<ul>\n<li>Dilluns a divendres de 09:00h a 13:30h i de 16:30h a 20:00h<\/li>\n<li>Dissabtes de 09:00h a 13:30h<\/li>\n<li>Diumenges i festes nacionals, auton\u00f2miques i locals seran lliures de pagament<\/li>\n<\/ul>\n<h2><strong>Tarifes Ontinyent Blava<\/strong><\/h2>\n<p>Les tarifes de la Zona Blava per a rotaci\u00f3 s\u00f3n:<\/p>\n<ul>\n<li>26 minuts (m\u00ednim): 0,30 \u20ac<\/li>\n<li>60 minuts: 0,65 \u20ac<\/li>\n<li>120 minuts (m\u00e0x. diari): 1,30 \u20ac<\/li>\n<\/ul>\n<p>Les tarifes de la Zona Blava per a residents s\u00f3n:<\/p>\n<ul>\n<li>19 minuts (m\u00ednim): 0,10 \u20ac<\/li>\n<li>55 minuts: 0,50 \u20ac<\/li>\n<li>116 minuts (m\u00e0x. diari): 1,10 \u20ac<\/li>\n<\/ul>\n<h2><strong>Tarifes Zona P\u00e0rquing Sant Jaume<\/strong><\/h2>\n<p>Tarifas per estacionament zona P\u00e0rquing Sant Jaume, en modalitat d'abonaments mensuals<\/p>\n<p>Vehicles 4 rodes:<\/p>\n<ul>\n<li>Abone mat\u00ed o vesprada: 20,43 \u20ac\/mes<\/li>\n<li>Abonament funcionaris: 20,43 \u20ac\/mes<\/li>\n<li>Abonament mat\u00ed i vesprada: 27,96 \u20ac\/mes<\/li>\n<li>Abonament nit: 23,70 \u20ac\/mes<\/li>\n<li>Abonament jornada completa: 58,13 \u20ac\/mes<\/li>\n<\/ul>\n<p>Vehicles 2\/3 rodes:<\/p>\n<ul>\n<li>Abone mat\u00ed o vesprada: 14,01 \u20ac\/mes<\/li>\n<li>Abonament funcionaris: 18,27 \u20ac\/mes<\/li>\n<li>Abonament mat\u00ed i vesprada: 23,70 \u20ac\/mes<\/li>\n<li>Abonament nit: 23,70 \u20ac\/mes<\/li>\n<li>Abonament jornada completa: 32,27 \u20ac\/mes<\/li>\n<\/ul>\n<h2><strong>Targetes de Residents<\/strong><\/h2>\n<p>Els usuaris de la zona blava que complisquen els requisits de l'ordenan\u00e7a per a ser considerats \u201cresidents\u201d, podran accedir a les seg\u00fcents tarifes:<\/p>\n<ul>\n<li>Targeta nova: 3 \u20ac<\/li>\n<li>Targeta sol\u00b7licitada: 5 \u20ac<\/li>\n<li>Renovaci\u00f3 anual de targeta: 5 \u20ac<\/li>\n<\/ul>\n<p><!-- notionvc: 8a76ffb7-41ff-4c37-b420-12d994e833f3 --><\/p>\n\n        <\/div>\n    <\/div>\n<\/article>\n\n\n<section\n        class=\"tpk-banner-cta tpk-banner-cta--background   \"\n        style=\" --bg-picture: url('https:\/\/oraontinyent.com\/wp-content\/uploads\/sites\/33\/2024\/07\/Banner-2110x766-1.webp'); \">\n    <div class=\"tpk-banner-cta__content row wrapper middle-xs \">\n                                <div class=\"col-xs-12 col-md-6 tpk-banner-cta__content__text  \">\n                                                <header class=\"tpk-head  wrapper\">\n    <p class=\"tpk-head__caption\">Consulta les zones d'estacionament regulat<\/p>    <h2 class=\"tpk-head__title\">Plan General Ontinyent<\/h2>    <\/header>                                    <div class=\"tpk-banner-cta__buttons\">\n                                                                                <a  class=\"tpk-button tpk-button--primary tpk-button--lg \" href=\"https:\/\/oraontinyent.com\/val\/planos\/\"    target=\"_blank\" >\n    <span>Ver <\/span>\n    <\/a>                                            <\/div>\n                            <\/div>\n        <\/div>\n<\/section>\n\n<article class=\"tpk-page\">\n    <div class=\"row wrapper center-xs tpk-page__content\">\n        <div class=\"col-xs-12 col-sm-10 col-md-8 pt-4 pb-4\">\n            <h2>Formes de Pagament<\/h2>\n<blockquote><p>Pot abonar la taxa d'aparcament: en met\u00e0l\u00b7lic amb monedes, mitjan\u00e7ant Tel\u00e8fon intel\u00b7ligent amb la nostra aplicaci\u00f3 *telpark (www.telpark.com), amb targeta de prepagament en tots els parqu\u00edmetres i amb targetes banc\u00e0ries (*EMV) en alguns parqu\u00edmetres.<\/p><\/blockquote>\n\n        <\/div>\n    <\/div>\n<\/article>\n\n<article class=\"tpk-page\">\n    <div class=\"row wrapper center-xs tpk-page__content\">\n        <div class=\"col-xs-12 col-sm-10 col-md-8 pt-4 pb-4\">\n            <h2>Preguntes Freq\u00fcents<\/h2>\n<blockquote>\n<p>Si t\u00e9 qualsevol dubte no dubte a consultar la nostra F.A.Q. (Preguntes Freq\u00fcents) on trobar\u00e0 les q\u00fcestions realitzades per la majoria dels usuaris.<\/p>\n<p><a href=\"https:\/\/oraontinyent.com\/val\/faqs\/\">VEURE PREGUNTES FREQ\u00dcENTS<\/a><\/p>\n<\/blockquote>\n\n        <\/div>\n    <\/div>\n<\/article>\n\n\n<section class=\"tpk-banner-app \">\n    <div class=\"row wrapper middle-xs\">\n        <div class=\"col-xs-12 col-sm-6 col-no-gutter tpk-banner-app__picture\">\n                                                <picture class=\"hide-xs show-sm\">\n\n                             <source srcset=\"https:\/\/oraontinyent.com\/wp-content\/uploads\/sites\/33\/2024\/07\/Web-bloque-ORA-488x534.webp\" media=\"(min-width: 30rem) and (max-width: 64rem)\" >\n                            <source srcset=\"https:\/\/oraontinyent.com\/wp-content\/uploads\/sites\/33\/2024\/07\/Web-bloque-ORA.webp\" media=\"(min-width: 64rem)\" >\n        \n        \n                                                                                                        \n        <img src=\"https:\/\/oraontinyent.com\/wp-content\/uploads\/sites\/33\/2024\/07\/Web-bloque-ORA.webp\" alt=\"\"  width=\"600\" height=\"600\"  loading=\"lazy\" >\n    <\/picture>\n\n                                <\/div>\n        <div class=\"col-xs-12 col-sm-6 tpk-banner-app__content\">\n                        <header class=\"tpk-head  wrapper\">\n    <p class=\"tpk-head__caption\">Aparca i seguix<\/p>    <h2 class=\"tpk-head__title\">Escaneja el codi amb el teu m\u00f2bil per a descarregar l'app<\/h2>    <\/header>\n                        <div class=\"tpk-banner-app__buttons\">\n                            <\/div>\n        <\/div>\n    <\/div>\n<\/section>\n","protected":false},"excerpt":{"rendered":"","protected":false},"author":8,"featured_media":0,"parent":0,"menu_order":0,"comment_status":"closed","ping_status":"closed","template":"","meta":[],"yoast_head":"<!-- This site is optimized with the Yoast SEO plugin v20.12 - https:\/\/yoast.com\/wordpress\/plugins\/seo\/ -->\n<title>Horaris i tarifes - Ontinyent<\/title>\n<meta name=\"robots\" content=\"index, follow, max-snippet:-1, max-image-preview:large, max-video-preview:-1\" \/>\n<link rel=\"canonical\" href=\"https:\/\/oraontinyent.com\/val\/horarios-y-tarifas\/\" \/>\n<meta property=\"og:locale\" content=\"en_US\" \/>\n<meta property=\"og:type\" content=\"article\" \/>\n<meta property=\"og:title\" content=\"Horaris i tarifes - Ontinyent\" \/>\n<meta property=\"og:url\" content=\"https:\/\/oraontinyent.com\/val\/horarios-y-tarifas\/\" \/>\n<meta property=\"og:site_name\" content=\"Ontinyent\" \/>\n<meta property=\"article:modified_time\" content=\"2024-07-12T12:49:48+00:00\" \/>\n<meta name=\"twitter:card\" content=\"summary_large_image\" \/>\n<script type=\"application\/ld+json\" class=\"yoast-schema-graph\">{\"@context\":\"https:\/\/schema.org\",\"@graph\":[{\"@type\":\"WebPage\",\"@id\":\"https:\/\/oraontinyent.com\/val\/horarios-y-tarifas\/\",\"url\":\"https:\/\/oraontinyent.com\/val\/horarios-y-tarifas\/\",\"name\":\"Horaris i tarifes - Ontinyent\",\"isPartOf\":{\"@id\":\"https:\/\/oraontinyent.com\/val\/#website\"},\"datePublished\":\"2024-07-02T08:24:20+00:00\",\"dateModified\":\"2024-07-12T12:49:48+00:00\",\"breadcrumb\":{\"@id\":\"https:\/\/oraontinyent.com\/val\/horarios-y-tarifas\/#breadcrumb\"},\"inLanguage\":\"ca-VAL\",\"potentialAction\":[{\"@type\":\"ReadAction\",\"target\":[\"https:\/\/oraontinyent.com\/val\/horarios-y-tarifas\/\"]}]},{\"@type\":\"BreadcrumbList\",\"@id\":\"https:\/\/oraontinyent.com\/val\/horarios-y-tarifas\/#breadcrumb\",\"itemListElement\":[{\"@type\":\"ListItem\",\"position\":1,\"name\":\"Home\",\"item\":\"https:\/\/oraontinyent.com\/val\/\"},{\"@type\":\"ListItem\",\"position\":2,\"name\":\"Horaris i tarifes\"}]},{\"@type\":\"WebSite\",\"@id\":\"https:\/\/oraontinyent.com\/val\/#website\",\"url\":\"https:\/\/oraontinyent.com\/val\/\",\"name\":\"Ontinyent\",\"description\":\"\",\"publisher\":{\"@id\":\"https:\/\/oraontinyent.com\/val\/#organization\"},\"potentialAction\":[{\"@type\":\"SearchAction\",\"target\":{\"@type\":\"EntryPoint\",\"urlTemplate\":\"https:\/\/oraontinyent.com\/val\/?s={search_term_string}\"},\"query-input\":\"required name=search_term_string\"}],\"inLanguage\":\"ca-VAL\"},{\"@type\":\"Organization\",\"@id\":\"https:\/\/oraontinyent.com\/val\/#organization\",\"name\":\"Ontinyent\",\"url\":\"https:\/\/oraontinyent.com\/val\/\",\"logo\":{\"@type\":\"ImageObject\",\"inLanguage\":\"ca-VAL\",\"@id\":\"https:\/\/oraontinyent.com\/val\/#\/schema\/logo\/image\/\",\"url\":\"https:\/\/oraontinyent.com\/wp-content\/uploads\/sites\/33\/2024\/07\/Logo_Ontinyent-2.png\",\"contentUrl\":\"https:\/\/oraontinyent.com\/wp-content\/uploads\/sites\/33\/2024\/07\/Logo_Ontinyent-2.png\",\"width\":220,\"height\":120,\"caption\":\"Ontinyent\"},\"image\":{\"@id\":\"https:\/\/oraontinyent.com\/val\/#\/schema\/logo\/image\/\"}}]}<\/script>\n<!-- \/ Yoast SEO plugin. -->","yoast_head_json":{"title":"Horaris i tarifes - Ontinyent","robots":{"index":"index","follow":"follow","max-snippet":"max-snippet:-1","max-image-preview":"max-image-preview:large","max-video-preview":"max-video-preview:-1"},"canonical":"https:\/\/oraontinyent.com\/val\/horarios-y-tarifas\/","og_locale":"en_US","og_type":"article","og_title":"Horaris i tarifes - Ontinyent","og_url":"https:\/\/oraontinyent.com\/val\/horarios-y-tarifas\/","og_site_name":"Ontinyent","article_modified_time":"2024-07-12T12:49:48+00:00","twitter_card":"summary_large_image","schema":{"@context":"https:\/\/schema.org","@graph":[{"@type":"WebPage","@id":"https:\/\/oraontinyent.com\/val\/horarios-y-tarifas\/","url":"https:\/\/oraontinyent.com\/val\/horarios-y-tarifas\/","name":"Horaris i tarifes - Ontinyent","isPartOf":{"@id":"https:\/\/oraontinyent.com\/val\/#website"},"datePublished":"2024-07-02T08:24:20+00:00","dateModified":"2024-07-12T12:49:48+00:00","breadcrumb":{"@id":"https:\/\/oraontinyent.com\/val\/horarios-y-tarifas\/#breadcrumb"},"inLanguage":"ca-VAL","potentialAction":[{"@type":"ReadAction","target":["https:\/\/oraontinyent.com\/val\/horarios-y-tarifas\/"]}]},{"@type":"BreadcrumbList","@id":"https:\/\/oraontinyent.com\/val\/horarios-y-tarifas\/#breadcrumb","itemListElement":[{"@type":"ListItem","position":1,"name":"Home","item":"https:\/\/oraontinyent.com\/val\/"},{"@type":"ListItem","position":2,"name":"Horaris i tarifes"}]},{"@type":"WebSite","@id":"https:\/\/oraontinyent.com\/val\/#website","url":"https:\/\/oraontinyent.com\/val\/","name":"Ontinyent","description":"","publisher":{"@id":"https:\/\/oraontinyent.com\/val\/#organization"},"potentialAction":[{"@type":"SearchAction","target":{"@type":"EntryPoint","urlTemplate":"https:\/\/oraontinyent.com\/val\/?s={search_term_string}"},"query-input":"required name=search_term_string"}],"inLanguage":"ca-VAL"},{"@type":"Organization","@id":"https:\/\/oraontinyent.com\/val\/#organization","name":"Ontinyent","url":"https:\/\/oraontinyent.com\/val\/","logo":{"@type":"ImageObject","inLanguage":"ca-VAL","@id":"https:\/\/oraontinyent.com\/val\/#\/schema\/logo\/image\/","url":"https:\/\/oraontinyent.com\/wp-content\/uploads\/sites\/33\/2024\/07\/Logo_Ontinyent-2.png","contentUrl":"https:\/\/oraontinyent.com\/wp-content\/uploads\/sites\/33\/2024\/07\/Logo_Ontinyent-2.png","width":220,"height":120,"caption":"Ontinyent"},"image":{"@id":"https:\/\/oraontinyent.com\/val\/#\/schema\/logo\/image\/"}}]}},"meta_box":[],"_links":{"self":[{"href":"https:\/\/oraontinyent.com\/val\/wp-json\/wp\/v2\/pages\/166"}],"collection":[{"href":"https:\/\/oraontinyent.com\/val\/wp-json\/wp\/v2\/pages"}],"about":[{"href":"https:\/\/oraontinyent.com\/val\/wp-json\/wp\/v2\/types\/page"}],"author":[{"embeddable":true,"href":"https:\/\/oraontinyent.com\/val\/wp-json\/wp\/v2\/users\/8"}],"replies":[{"embeddable":true,"href":"https:\/\/oraontinyent.com\/val\/wp-json\/wp\/v2\/comments?post=166"}],"version-history":[{"count":2,"href":"https:\/\/oraontinyent.com\/val\/wp-json\/wp\/v2\/pages\/166\/revisions"}],"predecessor-version":[{"id":169,"href":"https:\/\/oraontinyent.com\/val\/wp-json\/wp\/v2\/pages\/166\/revisions\/169"}],"wp:attachment":[{"href":"https:\/\/oraontinyent.com\/val\/wp-json\/wp\/v2\/media?parent=166"}],"curies":[{"name":"wp","href":"https:\/\/api.w.org\/{rel}","templated":true}]}}